{"id":35,"date":"2024-02-29T12:02:44","date_gmt":"2024-02-29T12:02:44","guid":{"rendered":"https:\/\/www.steelpackmakine.com\/?page_id=35"},"modified":"2024-03-23T02:56:43","modified_gmt":"2024-03-23T02:56:43","slug":"servisler","status":"publish","type":"page","link":"https:\/\/www.steelmakina.com.tr\/fr\/servisler\/","title":{"rendered":"SERVICES"},"content":{"rendered":"<div data-elementor-type=\"wp-page\" data-elementor-id=\"35\" class=\"elementor elementor-35\" data-elementor-settings=\"{&quot;element_pack_global_tooltip_width&quot;:{&quot;unit&quot;:&quot;px&quot;,&quot;size&quot;:&quot;&quot;,&quot;sizes&quot;:[]},&quot;element_pack_global_tooltip_width_tablet&quot;:{&quot;unit&quot;:&quot;px&quot;,&quot;size&quot;:&quot;&quot;,&quot;sizes&quot;:[]},&quot;element_pack_global_tooltip_width_mobile&quot;:{&quot;unit&quot;:&quot;px&quot;,&quot;size&quot;:&quot;&quot;,&quot;sizes&quot;:[]},&quot;element_pack_global_tooltip_padding&quot;:{&quot;unit&quot;:&quot;px&quot;,&quot;top&quot;:&quot;&quot;,&quot;right&quot;:&quot;&quot;,&quot;bottom&quot;:&quot;&quot;,&quot;left&quot;:&quot;&quot;,&quot;isLinked&quot;:true},&quot;element_pack_global_tooltip_padding_tablet&quot;:{&quot;unit&quot;:&quot;px&quot;,&quot;top&quot;:&quot;&quot;,&quot;right&quot;:&quot;&quot;,&quot;bottom&quot;:&quot;&quot;,&quot;left&quot;:&quot;&quot;,&quot;isLinked&quot;:true},&quot;element_pack_global_tooltip_padding_mobile&quot;:{&quot;unit&quot;:&quot;px&quot;,&quot;top&quot;:&quot;&quot;,&quot;right&quot;:&quot;&quot;,&quot;bottom&quot;:&quot;&quot;,&quot;left&quot;:&quot;&quot;,&quot;isLinked&quot;:true},&quot;element_pack_global_tooltip_border_radius&quot;:{&quot;unit&quot;:&quot;px&quot;,&quot;top&quot;:&quot;&quot;,&quot;right&quot;:&quot;&quot;,&quot;bottom&quot;:&quot;&quot;,&quot;left&quot;:&quot;&quot;,&quot;isLinked&quot;:true},&quot;element_pack_global_tooltip_border_radius_tablet&quot;:{&quot;unit&quot;:&quot;px&quot;,&quot;top&quot;:&quot;&quot;,&quot;right&quot;:&quot;&quot;,&quot;bottom&quot;:&quot;&quot;,&quot;left&quot;:&quot;&quot;,&quot;isLinked&quot;:true},&quot;element_pack_global_tooltip_border_radius_mobile&quot;:{&quot;unit&quot;:&quot;px&quot;,&quot;top&quot;:&quot;&quot;,&quot;right&quot;:&quot;&quot;,&quot;bottom&quot;:&quot;&quot;,&quot;left&quot;:&quot;&quot;,&quot;isLinked&quot;:true}}\" data-elementor-post-type=\"page\">\n\t\t\t\t<div class=\"elementor-element elementor-element-256296d e-flex e-con-boxed e-con e-parent\" data-id=\"256296d\" data-element_type=\"container\">\n\t\t\t\t\t<div class=\"e-con-inner\">\n\t\t\t\t<div class=\"elementor-element elementor-element-52c3c2d color-scheme-inherit text-left elementor-widget elementor-widget-text-editor\" data-id=\"52c3c2d\" data-element_type=\"widget\" data-widget_type=\"text-editor.default\">\n\t\t\t\t<div class=\"elementor-widget-container\">\n\t\t\t\t\t\t\t\t\t<h1><span style=\"color: #1f2b5f;\">Services<\/span><\/h1><p><strong>Steel Pack Industrie de Machines - Services<\/strong>\u00a0Il r\u00e9pond \u00e9galement \u00e0 vos demandes suppl\u00e9mentaires selon vos besoins dans le domaine. Conform\u00e9ment \u00e0 notre mission, nous offrons Qualit\u00e9, Confiance et support apr\u00e8s-vente \u00e0 tous les pays sans discrimination. Il fournit des services de solution et de mise en \u0153uvre pour vos besoins en mati\u00e8re d'emballage.<\/p><p><strong>Nos Productions<\/strong><\/p><ul><li>Machines d'emballage de type enveloppe (laminage)<\/li><li>Dispositif de bande d'ouverture<\/li><li>Machines d'emballage horizontales<\/li><li>Maintenance p\u00e9riodique des machines d'emballage<\/li><li>Pi\u00e8ces de rechange<\/li><li>Bandes transporteuses automatiques<\/li><\/ul><p><strong>Fournitures que nous fournissons<\/strong><\/p><ul><li>Machines \u00e0 carton<\/li><li>Bande d'ouverture facile<\/li><li>Film d'emballage BOPP\/OPP<\/li><li>Films d'emballage r\u00e9tractable<\/li><li>Lignes de production<\/li><\/ul>\t\t\t\t\t\t\t\t<\/div>\n\t\t\t\t<\/div>\n\t\t\t\t\t<\/div>\n\t\t\t\t<\/div>\n\t\t<div class=\"elementor-element elementor-element-514cdfd e-flex e-con-boxed e-con e-parent\" data-id=\"514cdfd\" data-element_type=\"container\">\n\t\t\t\t\t<div class=\"e-con-inner\">\n\t\t\t\t<div class=\"elementor-element elementor-element-20f768d elementor-widget elementor-widget-image\" data-id=\"20f768d\" data-element_type=\"widget\" data-widget_type=\"image.default\">\n\t\t\t\t<div class=\"elementor-widget-container\">\n\t\t\t\t\t\t\t\t\t\t\t\t\t\t\t<img fetchpriority=\"high\" decoding=\"async\" width=\"960\" height=\"538\" src=\"https:\/\/www.steelmakina.com.tr\/wp-content\/uploads\/2024\/03\/steel-pack-makine-servis-gorseli.jpeg\" class=\"attachment-large size-large wp-image-22636\" alt=\"\" srcset=\"https:\/\/www.steelmakina.com.tr\/wp-content\/uploads\/2024\/03\/steel-pack-makine-servis-gorseli.jpeg 960w, https:\/\/www.steelmakina.com.tr\/wp-content\/uploads\/2024\/03\/steel-pack-makine-servis-gorseli-400x224.jpeg 400w, https:\/\/www.steelmakina.com.tr\/wp-content\/uploads\/2024\/03\/steel-pack-makine-servis-gorseli-768x430.jpeg 768w, https:\/\/www.steelmakina.com.tr\/wp-content\/uploads\/2024\/03\/steel-pack-makine-servis-gorseli-18x10.jpeg 18w\" sizes=\"(max-width: 960px) 100vw, 960px\" \/>\t\t\t\t\t\t\t\t\t\t\t\t\t\t\t<\/div>\n\t\t\t\t<\/div>\n\t\t\t\t\t<\/div>\n\t\t\t\t<\/div>\n\t\t\t\t<\/div>","protected":false},"excerpt":{"rendered":"<p>SERV\u0130SLER Steel Pack Makina Sanayi &#8211; Servis\u00a0alan\u0131nda ihtiya\u00e7lar\u0131n\u0131z do\u011frultusunda ek talepleriniz de kar\u015f\u0131lamaktad\u0131r. Misyonumuz gere\u011fi Kalite, G\u00fcven ve Sat\u0131\u015f sonras\u0131<\/p>","protected":false},"author":1,"featured_media":0,"parent":0,"menu_order":0,"comment_status":"closed","ping_status":"closed","template":"elementor_header_footer","meta":{"footnotes":""},"class_list":["post-35","page","type-page","status-publish","hentry"],"_links":{"self":[{"href":"https:\/\/www.steelmakina.com.tr\/fr\/wp-json\/wp\/v2\/pages\/35","targetHints":{"allow":["GET"]}}],"collection":[{"href":"https:\/\/www.steelmakina.com.tr\/fr\/wp-json\/wp\/v2\/pages"}],"about":[{"href":"https:\/\/www.steelmakina.com.tr\/fr\/wp-json\/wp\/v2\/types\/page"}],"author":[{"embeddable":true,"href":"https:\/\/www.steelmakina.com.tr\/fr\/wp-json\/wp\/v2\/users\/1"}],"replies":[{"embeddable":true,"href":"https:\/\/www.steelmakina.com.tr\/fr\/wp-json\/wp\/v2\/comments?post=35"}],"version-history":[{"count":19,"href":"https:\/\/www.steelmakina.com.tr\/fr\/wp-json\/wp\/v2\/pages\/35\/revisions"}],"predecessor-version":[{"id":23158,"href":"https:\/\/www.steelmakina.com.tr\/fr\/wp-json\/wp\/v2\/pages\/35\/revisions\/23158"}],"wp:attachment":[{"href":"https:\/\/www.steelmakina.com.tr\/fr\/wp-json\/wp\/v2\/media?parent=35"}],"curies":[{"name":"wp","href":"https:\/\/api.w.org\/{rel}","templated":true}]}}