{"id":27,"date":"2024-02-29T12:01:16","date_gmt":"2024-02-29T12:01:16","guid":{"rendered":"https:\/\/www.steelpackmakine.com\/?page_id=27"},"modified":"2024-03-23T02:48:23","modified_gmt":"2024-03-23T02:48:23","slug":"hakkimizda","status":"publish","type":"page","link":"https:\/\/www.steelmakina.com.tr\/fr\/hakkimizda\/","title":{"rendered":"\u00c0 PROPOS DE NOUS"},"content":{"rendered":"<div data-elementor-type=\"wp-page\" data-elementor-id=\"27\" class=\"elementor elementor-27\" data-elementor-settings=\"{&quot;element_pack_global_tooltip_width&quot;:{&quot;unit&quot;:&quot;px&quot;,&quot;size&quot;:&quot;&quot;,&quot;sizes&quot;:[]},&quot;element_pack_global_tooltip_width_tablet&quot;:{&quot;unit&quot;:&quot;px&quot;,&quot;size&quot;:&quot;&quot;,&quot;sizes&quot;:[]},&quot;element_pack_global_tooltip_width_mobile&quot;:{&quot;unit&quot;:&quot;px&quot;,&quot;size&quot;:&quot;&quot;,&quot;sizes&quot;:[]},&quot;element_pack_global_tooltip_padding&quot;:{&quot;unit&quot;:&quot;px&quot;,&quot;top&quot;:&quot;&quot;,&quot;right&quot;:&quot;&quot;,&quot;bottom&quot;:&quot;&quot;,&quot;left&quot;:&quot;&quot;,&quot;isLinked&quot;:true},&quot;element_pack_global_tooltip_padding_tablet&quot;:{&quot;unit&quot;:&quot;px&quot;,&quot;top&quot;:&quot;&quot;,&quot;right&quot;:&quot;&quot;,&quot;bottom&quot;:&quot;&quot;,&quot;left&quot;:&quot;&quot;,&quot;isLinked&quot;:true},&quot;element_pack_global_tooltip_padding_mobile&quot;:{&quot;unit&quot;:&quot;px&quot;,&quot;top&quot;:&quot;&quot;,&quot;right&quot;:&quot;&quot;,&quot;bottom&quot;:&quot;&quot;,&quot;left&quot;:&quot;&quot;,&quot;isLinked&quot;:true},&quot;element_pack_global_tooltip_border_radius&quot;:{&quot;unit&quot;:&quot;px&quot;,&quot;top&quot;:&quot;&quot;,&quot;right&quot;:&quot;&quot;,&quot;bottom&quot;:&quot;&quot;,&quot;left&quot;:&quot;&quot;,&quot;isLinked&quot;:true},&quot;element_pack_global_tooltip_border_radius_tablet&quot;:{&quot;unit&quot;:&quot;px&quot;,&quot;top&quot;:&quot;&quot;,&quot;right&quot;:&quot;&quot;,&quot;bottom&quot;:&quot;&quot;,&quot;left&quot;:&quot;&quot;,&quot;isLinked&quot;:true},&quot;element_pack_global_tooltip_border_radius_mobile&quot;:{&quot;unit&quot;:&quot;px&quot;,&quot;top&quot;:&quot;&quot;,&quot;right&quot;:&quot;&quot;,&quot;bottom&quot;:&quot;&quot;,&quot;left&quot;:&quot;&quot;,&quot;isLinked&quot;:true}}\" data-elementor-post-type=\"page\">\n\t\t\t\t<div class=\"elementor-element elementor-element-55645f5 e-flex e-con-boxed e-con e-parent\" data-id=\"55645f5\" data-element_type=\"container\">\n\t\t\t\t\t<div class=\"e-con-inner\">\n\t\t\t\t<div class=\"elementor-element elementor-element-e3b338f color-scheme-inherit text-left elementor-widget elementor-widget-text-editor\" data-id=\"e3b338f\" data-element_type=\"widget\" data-widget_type=\"text-editor.default\">\n\t\t\t\t<div class=\"elementor-widget-container\">\n\t\t\t\t\t\t\t\t\t<h1><span style=\"color: #1f2b5f;\">Qui est Steel Pack Machinery ?<\/span><\/h1><p><strong>Qui sommes-nous ?<\/strong><\/p><p>Notre entreprise, Steel Pack Machinery, a \u00e9t\u00e9 fond\u00e9e en 2011.<\/p><p>Elle a fourni d'importants services \u00e0 l'industrie gr\u00e2ce \u00e0 la fabrication de machines sur mesure et \u00e0 la sous-traitance.<\/p><p>Commencant par de grandes institutions \u00e9tatiques telles que la Municipalit\u00e9 d'\u00dcsk\u00fcdar, la Municipalit\u00e9 m\u00e9tropolitaine d'Istanbul et l'Usine de Tank Palette, jusqu'aux grandes entreprises de recyclage et de textile du secteur priv\u00e9, elle a d'abord con\u00e7u puis fabriqu\u00e9 de nombreuses machines adapt\u00e9es \u00e0 leurs besoins en grande quantit\u00e9.<\/p><p>En fournissant un service de qualit\u00e9 sup\u00e9rieure \u00e0 ses clients et en leur permettant de r\u00e9aliser des profits \u00e9lev\u00e9s, elle les a ind\u00e9niablement satisfaits \u00e0 un niveau remarquable.<\/p><p>Maintenant, avec une perspective innovante et tourn\u00e9e vers l'avenir, elle ouvre de nouvelles portes aux fabricants dans l'industrie de l'emballage et de l'emballage.<\/p><p>Si vous souhaitez \u00e9galement r\u00e9aliser des profits \u00e9lev\u00e9s et vivre une exp\u00e9rience sans faille, nous ne sommes qu'\u00e0 un appel t\u00e9l\u00e9phonique.<\/p><p><strong>Vision<\/strong><\/p><p>Steel Pack Machinery vise \u00e0 renforcer sa position de leader dans l'industrie de l'emballage en \u00e9tablissant un nouveau partenariat, en tirant parti de son exp\u00e9rience et de son expertise dans la fabrication de machines sur mesure et la sous-traitance.<\/p><p>Nous visons \u00e0 d\u00e9velopper des solutions qui r\u00e9pondent aux besoins de l'industrie en fournissant aux clients des machines d'emballage sp\u00e9cialement con\u00e7ues et de haute qualit\u00e9, et \u00e0 maximiser la satisfaction client.<\/p><p>With our innovative approach and quality-focused service mentality, we aim to become a significant player in the packaging industry and play a decisive role in the sector.<\/p>\t\t\t\t\t\t\t\t<\/div>\n\t\t\t\t<\/div>\n\t\t\t\t\t<\/div>\n\t\t\t\t<\/div>\n\t\t\t\t<\/div>","protected":false},"excerpt":{"rendered":"<p>Steel Pack Makine Kimdir? Biz Kimiz Firmam\u0131z Steel Pack Makine 2011&#8217;de kurulmu\u015ftur. \u00d6zel makine imalat\u0131 ve fason i\u015flerle sekt\u00f6re b\u00fcy\u00fck<\/p>","protected":false},"author":1,"featured_media":0,"parent":0,"menu_order":0,"comment_status":"closed","ping_status":"closed","template":"elementor_header_footer","meta":{"footnotes":""},"class_list":["post-27","page","type-page","status-publish","hentry"],"_links":{"self":[{"href":"https:\/\/www.steelmakina.com.tr\/fr\/wp-json\/wp\/v2\/pages\/27","targetHints":{"allow":["GET"]}}],"collection":[{"href":"https:\/\/www.steelmakina.com.tr\/fr\/wp-json\/wp\/v2\/pages"}],"about":[{"href":"https:\/\/www.steelmakina.com.tr\/fr\/wp-json\/wp\/v2\/types\/page"}],"author":[{"embeddable":true,"href":"https:\/\/www.steelmakina.com.tr\/fr\/wp-json\/wp\/v2\/users\/1"}],"replies":[{"embeddable":true,"href":"https:\/\/www.steelmakina.com.tr\/fr\/wp-json\/wp\/v2\/comments?post=27"}],"version-history":[{"count":28,"href":"https:\/\/www.steelmakina.com.tr\/fr\/wp-json\/wp\/v2\/pages\/27\/revisions"}],"predecessor-version":[{"id":23145,"href":"https:\/\/www.steelmakina.com.tr\/fr\/wp-json\/wp\/v2\/pages\/27\/revisions\/23145"}],"wp:attachment":[{"href":"https:\/\/www.steelmakina.com.tr\/fr\/wp-json\/wp\/v2\/media?parent=27"}],"curies":[{"name":"wp","href":"https:\/\/api.w.org\/{rel}","templated":true}]}}