{"id":21282,"date":"2024-02-29T13:08:52","date_gmt":"2024-02-29T13:08:52","guid":{"rendered":"https:\/\/www.steelpackmakine.com\/?page_id=21282"},"modified":"2024-02-29T13:15:45","modified_gmt":"2024-02-29T13:15:45","slug":"test","status":"publish","type":"page","link":"https:\/\/www.steelmakina.com.tr\/en\/test\/","title":{"rendered":"test"},"content":{"rendered":"<div data-elementor-type=\"wp-page\" data-elementor-id=\"21282\" class=\"elementor elementor-21282\" data-elementor-settings=\"{&quot;element_pack_global_tooltip_width&quot;:{&quot;unit&quot;:&quot;px&quot;,&quot;size&quot;:&quot;&quot;,&quot;sizes&quot;:[]},&quot;element_pack_global_tooltip_width_tablet&quot;:{&quot;unit&quot;:&quot;px&quot;,&quot;size&quot;:&quot;&quot;,&quot;sizes&quot;:[]},&quot;element_pack_global_tooltip_width_mobile&quot;:{&quot;unit&quot;:&quot;px&quot;,&quot;size&quot;:&quot;&quot;,&quot;sizes&quot;:[]},&quot;element_pack_global_tooltip_padding&quot;:{&quot;unit&quot;:&quot;px&quot;,&quot;top&quot;:&quot;&quot;,&quot;right&quot;:&quot;&quot;,&quot;bottom&quot;:&quot;&quot;,&quot;left&quot;:&quot;&quot;,&quot;isLinked&quot;:true},&quot;element_pack_global_tooltip_padding_tablet&quot;:{&quot;unit&quot;:&quot;px&quot;,&quot;top&quot;:&quot;&quot;,&quot;right&quot;:&quot;&quot;,&quot;bottom&quot;:&quot;&quot;,&quot;left&quot;:&quot;&quot;,&quot;isLinked&quot;:true},&quot;element_pack_global_tooltip_padding_mobile&quot;:{&quot;unit&quot;:&quot;px&quot;,&quot;top&quot;:&quot;&quot;,&quot;right&quot;:&quot;&quot;,&quot;bottom&quot;:&quot;&quot;,&quot;left&quot;:&quot;&quot;,&quot;isLinked&quot;:true},&quot;element_pack_global_tooltip_border_radius&quot;:{&quot;unit&quot;:&quot;px&quot;,&quot;top&quot;:&quot;&quot;,&quot;right&quot;:&quot;&quot;,&quot;bottom&quot;:&quot;&quot;,&quot;left&quot;:&quot;&quot;,&quot;isLinked&quot;:true},&quot;element_pack_global_tooltip_border_radius_tablet&quot;:{&quot;unit&quot;:&quot;px&quot;,&quot;top&quot;:&quot;&quot;,&quot;right&quot;:&quot;&quot;,&quot;bottom&quot;:&quot;&quot;,&quot;left&quot;:&quot;&quot;,&quot;isLinked&quot;:true},&quot;element_pack_global_tooltip_border_radius_mobile&quot;:{&quot;unit&quot;:&quot;px&quot;,&quot;top&quot;:&quot;&quot;,&quot;right&quot;:&quot;&quot;,&quot;bottom&quot;:&quot;&quot;,&quot;left&quot;:&quot;&quot;,&quot;isLinked&quot;:true}}\" data-elementor-post-type=\"page\">\n\t\t\t\t<div class=\"elementor-element elementor-element-39346ac e-flex e-con-boxed e-con e-parent\" data-id=\"39346ac\" data-element_type=\"container\">\n\t\t\t\t\t<div class=\"e-con-inner\">\n\t\t<div class=\"elementor-element elementor-element-dcb4e4f e-con-full e-flex e-con e-child\" data-id=\"dcb4e4f\" data-element_type=\"container\">\n\t\t\t\t<div class=\"elementor-element elementor-element-8d38a1b elementor-widget elementor-widget-wd_table\" data-id=\"8d38a1b\" data-element_type=\"widget\" data-widget_type=\"wd_table.default\">\n\t\t\t\t<div class=\"elementor-widget-container\">\n\t\t\t\t\t\t\t\t<link rel=\"stylesheet\" id=\"wd-el-table-css\" href=\"https:\/\/www.steelmakina.com.tr\/wp-content\/themes\/woodmart\/css\/parts\/el-table.min.css?ver=7.4.3\" type=\"text\/css\" media=\"all\" \/> \t\t\t\t\t<div class=\"wd-el-table-wrap wd-reset-all-last\">\n\t\t\t<table class=\"wd-el-table\">\n\t\t\t\t\t\t\t\t\t<thead class=\"text-left\">\n\t\t\t\t\t\t\t\t\t\t\t\t\t\t\t\t\t\t\t\t\t\t\t\t\t\t\t\t\t\t<tr class=\"wd-table-row elementor-repeater-item-edb0eae\">\n\t\t\t\t\t\t\t\t\t\t\t\t\t\t\t\t\t\t\t\t\t\t\t\t\t\t\t\t\t\t\t\t\t\t\t\t<th class=\"wd-table-cell elementor-repeater-item-61f5a80\" colspan=\"1\" rowspan=\"1\">\n\t\t\t\t\t\t\t\t\t<p>Machine Dimensions<\/p>\t\t\t\t\t\t\t\t<\/th>\n\t\t\t\t\t\t\t\t\t\t\t\t\t\t\t\t\t\t\t\t\t\t\t\t\t\t\t\t<th class=\"wd-table-cell elementor-repeater-item-476de79\" colspan=\"1\" rowspan=\"1\">\n\t\t\t\t\t\t\t\t\t<p>H190 x W100 x L430 cm<\/p>\t\t\t\t\t\t\t\t<\/th>\n\t\t\t\t\t\t\t\t\t\t\t\t\t\t\t\t\t\t\t<\/tr>\n\t\t\t\t\t<\/thead>\n\t\t\t\t\n\t\t\t\t<tbody class=\"text-left\">\n\t\t\t\t\t\t\t\t\t\t\t\t\t\t\t\t\t\t\t\t\t\t\t\t\t\t<tr class=\"wd-table-row elementor-repeater-item-d584360\">\n\t\t\t\t\t\t\t\t\t\t\t\t\t\t\t\t\t\t\t\t\t\t\t\t\t\t\t\t\t\t\t<td class=\"wd-table-cell elementor-repeater-item-9832657\" colspan=\"1\" rowspan=\"1\">\n\t\t\t\t\t\t\tRow #1 Content #1\t\t\t\t\t\t\t<\/td>\n\t\t\t\t\t\t\t\t\t\t\t\t\t\t\t\t\t\t\t\t\t\t\t\t<td class=\"wd-table-cell elementor-repeater-item-aeaee7c\" colspan=\"1\" rowspan=\"1\">\n\t\t\t\t\t\t\tRow #1 Content #2\t\t\t\t\t\t\t<\/td>\n\t\t\t\t\t\t\t\t\t\t\t\t\t\t\t\t\t\t\t\t\t\t\t\t\t\t\t\t\t\t\t\t<\/tr>\n\t\t\t\t\t\t\t\t<tr class=\"wd-table-row elementor-repeater-item-f119a47\">\n\t\t\t\t\t\t\t\t\t\t\t\t\t\t\t\t\t\t\t\t\t\t\t\t\t\t\t\t\t\t\t<td class=\"wd-table-cell elementor-repeater-item-c654ea7\" colspan=\"1\" rowspan=\"1\">\n\t\t\t\t\t\t\tRow #2 Content #1\t\t\t\t\t\t\t<\/td>\n\t\t\t\t\t\t\t\t\t\t\t\t\t\t\t\t\t\t\t\t\t\t\t\t<td class=\"wd-table-cell elementor-repeater-item-bccedd1\" colspan=\"1\" rowspan=\"1\">\n\t\t\t\t\t\t\tRow #2 Content #2\t\t\t\t\t\t\t<\/td>\n\t\t\t\t\t\t\t\t\t\t\t\t\t\t\t\t\t\t\t\t\t\t\t\t\t\t\t\t\t\t\t\t<\/tr>\n\t\t\t\t\t\t\t\t<tr class=\"wd-table-row elementor-repeater-item-e4832ad\">\n\t\t\t\t\t\t\t\t\t\t\t\t\t\t\t\t\t\t\t\t\t\t\t\t\t\t\t\t\t\t\t<td class=\"wd-table-cell elementor-repeater-item-1543f40\" colspan=\"1\" rowspan=\"1\">\n\t\t\t\t\t\t\tRow #3 Content #1\t\t\t\t\t\t\t<\/td>\n\t\t\t\t\t\t\t\t\t\t\t\t\t\t\t\t\t\t\t\t\t\t\t\t<td class=\"wd-table-cell elementor-repeater-item-b374c46\" colspan=\"1\" rowspan=\"1\">\n\t\t\t\t\t\t\tRow #3 Content #1\t\t\t\t\t\t\t<\/td>\n\t\t\t\t\t\t\t\t\t\t\t\t\t\t\t\t<\/tr>\n\t\t\t\t<\/tbody>\n\t\t\t<\/table>\n\t\t<\/div>\n\t\t\t\t\t\t<\/div>\n\t\t\t\t<\/div>\n\t\t\t\t<div class=\"elementor-element elementor-element-e590044 elementor-widget elementor-widget-wd_text_block\" data-id=\"e590044\" data-element_type=\"widget\" data-widget_type=\"wd_text_block.default\">\n\t\t\t\t<div class=\"elementor-widget-container\">\n\t\t\t\t\t\t\t\t<link rel=\"stylesheet\" id=\"wd-text-block-css\" href=\"https:\/\/www.steelmakina.com.tr\/wp-content\/themes\/woodmart\/css\/parts\/el-text-block.min.css?ver=7.4.3\" type=\"text\/css\" media=\"all\" \/> \t\t\t\t\t<div class=\"wd-text-block reset-last-child text-left\">\n\t\t\t\n\t\t\t<h1>AZZ 42 - CF | SABUN, B\u0130SK\u00dcV\u0130, GOFRET \u2013ZARF T\u0130P\u0130 PAKETLEME MAK\u0130NASI<\/h1><p>Bu makinam\u0131z kendi i\u00e7inde 2 farkl\u0131 opsiyonda paketleme makinas\u0131d\u0131r.<\/p><ol><li>\u00a0Kare, dikd\u00f6rtgen ve yuvarlak bisk\u00fcvilerin a\u015fa\u011f\u0131da belirtilen \u00f6l\u00e7\u00fcler dahilinde tek s\u0131ra veya \u00e7ift s\u0131ra halinde zarf tipi ambalaj modelinde sarmalamak i\u00e7in otomatik olarak ambalaj yapan seri, ideal ve bir\u00e7ok ayarlar ve kontroller encoder sistemli PLC vas\u0131tas\u0131 ile dokunmatik ekrandan yap\u0131larak kal\u0131p de\u011fi\u015fiminde kolayl\u0131k sa\u011flayan oparet\u00f6r dostu kullan\u0131\u015fl\u0131 bir makinedir.\u00a0Besleme sistemi manuel olarak yap\u0131lmaktad\u0131r. Bisk\u00fcvi ve gofretlerin d\u0131\u015f jelatini kolay a\u00e7\u0131labilmesi i\u00e7in a\u00e7ma band\u0131 \u015feridi ba\u011flanabilir, bask\u0131l\u0131 ambalaj i\u00e7in fotosel sistemi olan ve \u00fcr\u00fcn geli\u015fini kontrol eden dolu-bo\u015f sitemi ile durmadan \u00e7al\u0131\u015fabilen bir makinad\u0131r . Opsiyon olarak bisk\u00fcvi i\u00e7i oluklu karton sarma mekanizmas\u0131 eklenebilir ve tarih kodlama ekipman\u0131 tak\u0131labilir.<\/li><li>Kare, dikd\u00f6rtgen \u015fekilde \u00e7\u0131plak yada d\u0131\u015f ka\u011f\u0131t ambalaj\u0131 olan\u00a0<strong>sabunlar\u0131n<\/strong>\u00a0a\u015fa\u011f\u0131da belirtilen \u00f6l\u00e7\u00fcler dahilinde tek s\u0131ra veya yan yana dik olarak ekopak modelde ya da yan yana yatay banyo sabunlar\u0131n\u0131 zarf tipi ambalaj modelinde sarmalamak i\u00e7in otomatik olarak ambalaj yapan seri, ideal ve bir\u00e7ok ayarlar ve kontroller encoder sistemli PLC vas\u0131tas\u0131 ile dokunmatik ekrandan yap\u0131larak kal\u0131p de\u011fi\u015fiminde kolayl\u0131k sa\u011flayan oparet\u00f6r dostu kullan\u0131\u015fl\u0131 bir makine olup, besleme sistemi manuel olarak yap\u0131lmaktad\u0131r. Sabunlar\u0131n d\u0131\u015f jelatini kolay a\u00e7\u0131labilmesi i\u00e7in a\u00e7ma band\u0131 \u015feridi ba\u011flanabilir, bask\u0131l\u0131 ambalaj i\u00e7in fotosel sistemi olan ve \u00fcr\u00fcn geli\u015fini kontrol eden dolu-bo\u015f sitemi ile durmadan \u00e7al\u0131\u015fabilen bir makinad\u0131r . Opsiyon olarak asans\u00f6r sistemi eklenerek sabunlar \u00fcst \u00fcste 3x2 veya 2x2 gruplar halinde ambalaj yap\u0131labilir ve tarih kodlama ekipman\u0131 tak\u0131labilir.<\/li><\/ol><table class=\"rwd-table\"><tbody><tr><td><strong>Machine Dimensions<\/strong><\/td><td>H190 x W100 x L430 cm<\/td><\/tr><tr><td><strong>Weight<\/strong><\/td><td>980 Kg \/ 1.150 Kg<\/td><\/tr><tr><td><strong>Feeding Belt Size\u00a0<\/strong><\/td><td>H90-100 x W60-90 x L300-330 cm<\/td><\/tr><tr><td><strong>Power<\/strong><\/td><td>3.5 kW, 380\/400 VAC 3 Phase 50\/60 Hz.<\/td><\/tr><tr><td><strong>Air Consumption<\/strong><\/td><td>6 bar \/ dk<\/td><\/tr><tr><td><strong>Noise Level<\/strong><\/td><td>70-80 Decibels<\/td><\/tr><tr><td><strong>Capacity Per Minute<\/strong><\/td><td>According to Product Volume, 20-40 Pieces\u00a0<\/td><\/tr><\/tbody><\/table><p>\u00a0<\/p><table class=\"rwd-table\"><tbody><tr><td><strong>Package Dimensions<\/strong><\/td><\/tr><tr><td><strong>Length (A)<\/strong><\/td><td>Min:80mm \/ Max:280mm<\/td><\/tr><tr><td><strong>Width (B)<\/strong><\/td><td>Min:30mm \/ Max:120-140mm<\/td><\/tr><tr><td><strong>Height (C)<\/strong><\/td><td><p>Min:30mm \/ Max:70-80mm<\/p><\/td><\/tr><tr><td><p><strong>OPP, BOPP, PVCLength - SelefonBoyu MekanikAyarlan\u0131r<\/strong><\/p><\/td><td>Min:110mm \/Max:420-440mm<\/td><\/tr><\/tbody><\/table><p>\u00a0<\/p><table><tbody><tr><td><p><strong>Bisk\u00fcvi Ambalajlama Modeli<\/strong><\/p><\/td><td><strong>Sabun Ambalajlama Modeli<\/strong><\/td><\/tr><tr><td><img decoding=\"async\" src=\"https:\/\/www.unlumakinasan.com.tr\/Files\/azz-cf-42-t1.jpg\" alt=\"\" \/><\/td><td><img decoding=\"async\" src=\"https:\/\/www.unlumakinasan.com.tr\/Files\/azz-cf-42-t2.jpg\" alt=\"\" \/><\/td><\/tr><\/tbody><\/table>\n\t\t\t\t\t<\/div>\n\t\t\t\t\t\t<\/div>\n\t\t\t\t<\/div>\n\t\t\t\t<\/div>\n\t\t<div class=\"elementor-element elementor-element-5007076 e-con-full e-flex e-con e-child\" data-id=\"5007076\" data-element_type=\"container\">\n\t\t\t\t<div class=\"elementor-element elementor-element-e761043 elementor-widget elementor-widget-image\" data-id=\"e761043\" data-element_type=\"widget\" data-widget_type=\"image.default\">\n\t\t\t\t<div class=\"elementor-widget-container\">\n\t\t\t\t\t\t\t\t\t\t\t\t\t\t\t\t<a href=\"https:\/\/www.steelmakina.com.tr\/wp-content\/uploads\/2024\/02\/4-AZZ-42-CF-BiSKuVi.jpg\" data-elementor-open-lightbox=\"yes\" data-e-action-hash=\"#elementor-action%3Aaction%3Dlightbox%26settings%3DeyJpZCI6MjEyODUsInVybCI6ZmFsc2V9\">\n\t\t\t\t\t\t\t<img decoding=\"async\" src=\"https:\/\/www.steelmakina.com.tr\/wp-content\/uploads\/2024\/02\/4-AZZ-42-CF-BiSKuVi.jpg\" title=\"\" alt=\"\" loading=\"lazy\" \/>\t\t\t\t\t\t\t\t<\/a>\n\t\t\t\t\t\t\t\t\t\t\t\t\t\t\t<\/div>\n\t\t\t\t<\/div>\n\t\t\t\t<\/div>\n\t\t\t\t\t<\/div>\n\t\t\t\t<\/div>\n\t\t\t\t<\/div>","protected":false},"excerpt":{"rendered":"<p>Makine \u00d6l\u00e7\u00fcleri H190 x W100 x L430 cm Row #1 Content #1 Row #1 Content #2 Row #2 Content #1<\/p>","protected":false},"author":1,"featured_media":0,"parent":0,"menu_order":0,"comment_status":"closed","ping_status":"closed","template":"elementor_header_footer","meta":{"footnotes":""},"class_list":["post-21282","page","type-page","status-publish","hentry"],"_links":{"self":[{"href":"https:\/\/www.steelmakina.com.tr\/en\/wp-json\/wp\/v2\/pages\/21282","targetHints":{"allow":["GET"]}}],"collection":[{"href":"https:\/\/www.steelmakina.com.tr\/en\/wp-json\/wp\/v2\/pages"}],"about":[{"href":"https:\/\/www.steelmakina.com.tr\/en\/wp-json\/wp\/v2\/types\/page"}],"author":[{"embeddable":true,"href":"https:\/\/www.steelmakina.com.tr\/en\/wp-json\/wp\/v2\/users\/1"}],"replies":[{"embeddable":true,"href":"https:\/\/www.steelmakina.com.tr\/en\/wp-json\/wp\/v2\/comments?post=21282"}],"version-history":[{"count":7,"href":"https:\/\/www.steelmakina.com.tr\/en\/wp-json\/wp\/v2\/pages\/21282\/revisions"}],"predecessor-version":[{"id":21291,"href":"https:\/\/www.steelmakina.com.tr\/en\/wp-json\/wp\/v2\/pages\/21282\/revisions\/21291"}],"wp:attachment":[{"href":"https:\/\/www.steelmakina.com.tr\/en\/wp-json\/wp\/v2\/media?parent=21282"}],"curies":[{"name":"wp","href":"https:\/\/api.w.org\/{rel}","templated":true}]}}