{"id":39,"date":"2024-02-29T12:03:14","date_gmt":"2024-02-29T12:03:14","guid":{"rendered":"https:\/\/www.steelpackmakine.com\/?page_id=39"},"modified":"2024-03-23T02:54:24","modified_gmt":"2024-03-23T02:54:24","slug":"fuarlar","status":"publish","type":"page","link":"https:\/\/www.steelmakina.com.tr\/ar\/fuarlar\/","title":{"rendered":"\u0627\u0644\u0645\u0639\u0627\u0631\u0636"},"content":{"rendered":"<div data-elementor-type=\"wp-page\" data-elementor-id=\"39\" class=\"elementor elementor-39\" data-elementor-settings=\"{&quot;element_pack_global_tooltip_width&quot;:{&quot;unit&quot;:&quot;px&quot;,&quot;size&quot;:&quot;&quot;,&quot;sizes&quot;:[]},&quot;element_pack_global_tooltip_width_tablet&quot;:{&quot;unit&quot;:&quot;px&quot;,&quot;size&quot;:&quot;&quot;,&quot;sizes&quot;:[]},&quot;element_pack_global_tooltip_width_mobile&quot;:{&quot;unit&quot;:&quot;px&quot;,&quot;size&quot;:&quot;&quot;,&quot;sizes&quot;:[]},&quot;element_pack_global_tooltip_padding&quot;:{&quot;unit&quot;:&quot;px&quot;,&quot;top&quot;:&quot;&quot;,&quot;right&quot;:&quot;&quot;,&quot;bottom&quot;:&quot;&quot;,&quot;left&quot;:&quot;&quot;,&quot;isLinked&quot;:true},&quot;element_pack_global_tooltip_padding_tablet&quot;:{&quot;unit&quot;:&quot;px&quot;,&quot;top&quot;:&quot;&quot;,&quot;right&quot;:&quot;&quot;,&quot;bottom&quot;:&quot;&quot;,&quot;left&quot;:&quot;&quot;,&quot;isLinked&quot;:true},&quot;element_pack_global_tooltip_padding_mobile&quot;:{&quot;unit&quot;:&quot;px&quot;,&quot;top&quot;:&quot;&quot;,&quot;right&quot;:&quot;&quot;,&quot;bottom&quot;:&quot;&quot;,&quot;left&quot;:&quot;&quot;,&quot;isLinked&quot;:true},&quot;element_pack_global_tooltip_border_radius&quot;:{&quot;unit&quot;:&quot;px&quot;,&quot;top&quot;:&quot;&quot;,&quot;right&quot;:&quot;&quot;,&quot;bottom&quot;:&quot;&quot;,&quot;left&quot;:&quot;&quot;,&quot;isLinked&quot;:true},&quot;element_pack_global_tooltip_border_radius_tablet&quot;:{&quot;unit&quot;:&quot;px&quot;,&quot;top&quot;:&quot;&quot;,&quot;right&quot;:&quot;&quot;,&quot;bottom&quot;:&quot;&quot;,&quot;left&quot;:&quot;&quot;,&quot;isLinked&quot;:true},&quot;element_pack_global_tooltip_border_radius_mobile&quot;:{&quot;unit&quot;:&quot;px&quot;,&quot;top&quot;:&quot;&quot;,&quot;right&quot;:&quot;&quot;,&quot;bottom&quot;:&quot;&quot;,&quot;left&quot;:&quot;&quot;,&quot;isLinked&quot;:true}}\" data-elementor-post-type=\"page\">\n\t\t\t\t<div class=\"elementor-element elementor-element-25eb6b7 e-flex e-con-boxed e-con e-parent\" data-id=\"25eb6b7\" data-element_type=\"container\">\n\t\t\t\t\t<div class=\"e-con-inner\">\n\t\t\t\t<div class=\"elementor-element elementor-element-74d2b3e elementor-widget elementor-widget-heading\" data-id=\"74d2b3e\" data-element_type=\"widget\" data-widget_type=\"heading.default\">\n\t\t\t\t<div class=\"elementor-widget-container\">\n\t\t\t\t\t<h2 class=\"elementor-heading-title elementor-size-default\">\u0627\u0644\u0645\u0639\u0627\u0631\u0636 \u0627\u0644\u062a\u062c\u0627\u0631\u064a\u0629 \u0627\u0644\u062a\u064a \u0633\u0646\u062d\u0636\u0631\u0647\u0627<\/h2>\t\t\t\t<\/div>\n\t\t\t\t<\/div>\n\t\t\t\t<div class=\"elementor-element elementor-element-bce8b23 color-scheme-inherit text-left elementor-widget elementor-widget-text-editor\" data-id=\"bce8b23\" data-element_type=\"widget\" data-widget_type=\"text-editor.default\">\n\t\t\t\t<div class=\"elementor-widget-container\">\n\t\t\t\t\t\t\t\t\t<p>\u0646\u062f\u0639\u0648 \u0632\u0648\u0627\u0631\u0646\u0627 \u0627\u0644\u0643\u0631\u0627\u0645 \u0625\u0644\u0649 \u062c\u0646\u0627\u062d\u0646\u0627 \u0641\u064a \u0627\u0644\u0645\u0639\u0627\u0631\u0636 \u0627\u0644\u062a\u062c\u0627\u0631\u064a\u0629 \u0627\u0644\u062a\u064a \u0646\u0639\u062a\u0632\u0645 \u0627\u0644\u062d\u0636\u0648\u0631 \u0625\u0644\u064a\u0647\u0627 \u0641\u064a \u0639\u0627\u0645 2024 \u0628\u0635\u0641\u062a\u0646\u0627 \u0634\u0631\u0643\u0629 \u0633\u062a\u064a\u0644 \u0628\u0627\u0643 \u0644\u0644\u0622\u0644\u0627\u062a.<\/p>\t\t\t\t\t\t\t\t<\/div>\n\t\t\t\t<\/div>\n\t\t\t\t\t<\/div>\n\t\t\t\t<\/div>\n\t\t<div class=\"elementor-element elementor-element-29254c3 e-flex e-con-boxed e-con e-parent\" data-id=\"29254c3\" data-element_type=\"container\">\n\t\t\t\t\t<div class=\"e-con-inner\">\n\t\t<div class=\"elementor-element elementor-element-cadf870 e-con-full e-flex e-con e-child\" data-id=\"cadf870\" data-element_type=\"container\">\n\t\t\t\t<div class=\"elementor-element elementor-element-920c427 elementor-position-top elementor-widget elementor-widget-image-box\" data-id=\"920c427\" data-element_type=\"widget\" data-widget_type=\"image-box.default\">\n\t\t\t\t<div class=\"elementor-widget-container\">\n\t\t\t\t\t<div class=\"elementor-image-box-wrapper\"><figure class=\"elementor-image-box-img\"><img decoding=\"async\" width=\"100\" height=\"100\" src=\"https:\/\/www.steelmakina.com.tr\/wp-content\/uploads\/2024\/03\/WhatsApp-Gorsel-2024-03-20-saat-13.36.57_4a32b4c5.jpg\" class=\"attachment-full size-full wp-image-23026\" alt=\"\" srcset=\"https:\/\/www.steelmakina.com.tr\/wp-content\/uploads\/2024\/03\/WhatsApp-Gorsel-2024-03-20-saat-13.36.57_4a32b4c5.jpg 100w, https:\/\/www.steelmakina.com.tr\/wp-content\/uploads\/2024\/03\/WhatsApp-Gorsel-2024-03-20-saat-13.36.57_4a32b4c5-12x12.jpg 12w\" sizes=\"(max-width: 100px) 100vw, 100px\" \/><\/figure><\/div>\t\t\t\t<\/div>\n\t\t\t\t<\/div>\n\t\t\t\t<\/div>\n\t\t<div class=\"elementor-element elementor-element-c8dcac4 e-con-full e-flex e-con e-child\" data-id=\"c8dcac4\" data-element_type=\"container\">\n\t\t\t\t<div class=\"elementor-element elementor-element-461e753 elementor-position-top elementor-widget elementor-widget-image-box\" data-id=\"461e753\" data-element_type=\"widget\" data-widget_type=\"image-box.default\">\n\t\t\t\t<div class=\"elementor-widget-container\">\n\t\t\t\t\t<div class=\"elementor-image-box-wrapper\"><figure class=\"elementor-image-box-img\"><img decoding=\"async\" width=\"287\" height=\"62\" src=\"https:\/\/www.steelmakina.com.tr\/wp-content\/uploads\/2024\/03\/WhatsApp-Gorsel-2024-03-20-saat-13.35.56_2e539c84.jpg\" class=\"attachment-full size-full wp-image-23025\" alt=\"\" srcset=\"https:\/\/www.steelmakina.com.tr\/wp-content\/uploads\/2024\/03\/WhatsApp-Gorsel-2024-03-20-saat-13.35.56_2e539c84.jpg 287w, https:\/\/www.steelmakina.com.tr\/wp-content\/uploads\/2024\/03\/WhatsApp-Gorsel-2024-03-20-saat-13.35.56_2e539c84-18x4.jpg 18w\" sizes=\"(max-width: 287px) 100vw, 287px\" \/><\/figure><\/div>\t\t\t\t<\/div>\n\t\t\t\t<\/div>\n\t\t\t\t<\/div>\n\t\t<div class=\"elementor-element elementor-element-54e357f e-con-full e-flex e-con e-child\" data-id=\"54e357f\" data-element_type=\"container\">\n\t\t\t\t<div class=\"elementor-element elementor-element-0b62c48 elementor-position-top elementor-widget elementor-widget-image-box\" data-id=\"0b62c48\" data-element_type=\"widget\" data-widget_type=\"image-box.default\">\n\t\t\t\t<div class=\"elementor-widget-container\">\n\t\t\t\t\t<div class=\"elementor-image-box-wrapper\"><figure class=\"elementor-image-box-img\"><img decoding=\"async\" width=\"98\" height=\"98\" src=\"https:\/\/www.steelmakina.com.tr\/wp-content\/uploads\/2024\/03\/WhatsApp-Gorsel-2024-03-20-saat-13.34.49_8dcd2a02.jpg\" class=\"attachment-full size-full wp-image-23024\" alt=\"\" srcset=\"https:\/\/www.steelmakina.com.tr\/wp-content\/uploads\/2024\/03\/WhatsApp-Gorsel-2024-03-20-saat-13.34.49_8dcd2a02.jpg 98w, https:\/\/www.steelmakina.com.tr\/wp-content\/uploads\/2024\/03\/WhatsApp-Gorsel-2024-03-20-saat-13.34.49_8dcd2a02-12x12.jpg 12w\" sizes=\"(max-width: 98px) 100vw, 98px\" \/><\/figure><\/div>\t\t\t\t<\/div>\n\t\t\t\t<\/div>\n\t\t\t\t<\/div>\n\t\t<div class=\"elementor-element elementor-element-5c38cce e-con-full e-flex e-con e-child\" data-id=\"5c38cce\" data-element_type=\"container\">\n\t\t\t\t<\/div>\n\t\t\t\t\t<\/div>\n\t\t\t\t<\/div>\n\t\t<div class=\"elementor-element elementor-element-c8e234c e-flex e-con-boxed e-con e-parent\" data-id=\"c8e234c\" data-element_type=\"container\">\n\t\t\t\t\t<div class=\"e-con-inner\">\n\t\t\t\t\t<\/div>\n\t\t\t\t<\/div>\n\t\t<div class=\"elementor-element elementor-element-bdbd573 e-flex e-con-boxed e-con e-parent\" data-id=\"bdbd573\" data-element_type=\"container\">\n\t\t\t\t\t<div class=\"e-con-inner\">\n\t\t\t\t\t<\/div>\n\t\t\t\t<\/div>\n\t\t<div class=\"elementor-element elementor-element-666d22e e-flex e-con-boxed e-con e-parent\" data-id=\"666d22e\" data-element_type=\"container\">\n\t\t\t\t\t<div class=\"e-con-inner\">\n\t\t\t\t<div class=\"elementor-element elementor-element-9053eee elementor-widget elementor-widget-spacer\" data-id=\"9053eee\" data-element_type=\"widget\" data-widget_type=\"spacer.default\">\n\t\t\t\t<div class=\"elementor-widget-container\">\n\t\t\t\t\t\t\t<div class=\"elementor-spacer\">\n\t\t\t<div class=\"elementor-spacer-inner\"><\/div>\n\t\t<\/div>\n\t\t\t\t\t\t<\/div>\n\t\t\t\t<\/div>\n\t\t\t\t\t<\/div>\n\t\t\t\t<\/div>\n\t\t\t\t<\/div>","protected":false},"excerpt":{"rendered":"<p>KATILACA\u011eIMIZ FUARLAR Steel Pack Makina olarak 2024 y\u0131l\u0131 i\u00e7erisinde kat\u0131lmay\u0131 planlad\u0131\u011f\u0131m\u0131z fuarlar, siz de\u011ferli ziyaret\u00e7ilerimizi fuar alan\u0131nda bulunan stand\u0131m\u0131za bekliyoruz.<\/p>","protected":false},"author":1,"featured_media":0,"parent":0,"menu_order":0,"comment_status":"closed","ping_status":"closed","template":"elementor_header_footer","meta":{"footnotes":""},"class_list":["post-39","page","type-page","status-publish","hentry"],"_links":{"self":[{"href":"https:\/\/www.steelmakina.com.tr\/ar\/wp-json\/wp\/v2\/pages\/39","targetHints":{"allow":["GET"]}}],"collection":[{"href":"https:\/\/www.steelmakina.com.tr\/ar\/wp-json\/wp\/v2\/pages"}],"about":[{"href":"https:\/\/www.steelmakina.com.tr\/ar\/wp-json\/wp\/v2\/types\/page"}],"author":[{"embeddable":true,"href":"https:\/\/www.steelmakina.com.tr\/ar\/wp-json\/wp\/v2\/users\/1"}],"replies":[{"embeddable":true,"href":"https:\/\/www.steelmakina.com.tr\/ar\/wp-json\/wp\/v2\/comments?post=39"}],"version-history":[{"count":67,"href":"https:\/\/www.steelmakina.com.tr\/ar\/wp-json\/wp\/v2\/pages\/39\/revisions"}],"predecessor-version":[{"id":23155,"href":"https:\/\/www.steelmakina.com.tr\/ar\/wp-json\/wp\/v2\/pages\/39\/revisions\/23155"}],"wp:attachment":[{"href":"https:\/\/www.steelmakina.com.tr\/ar\/wp-json\/wp\/v2\/media?parent=39"}],"curies":[{"name":"wp","href":"https:\/\/api.w.org\/{rel}","templated":true}]}}