{"id":35,"date":"2024-02-29T12:02:44","date_gmt":"2024-02-29T12:02:44","guid":{"rendered":"https:\/\/www.steelpackmakine.com\/?page_id=35"},"modified":"2024-03-23T02:56:43","modified_gmt":"2024-03-23T02:56:43","slug":"servisler","status":"publish","type":"page","link":"https:\/\/www.steelmakina.com.tr\/ar\/servisler\/","title":{"rendered":"\u062e\u062f\u0645\u0627\u062a"},"content":{"rendered":"<div data-elementor-type=\"wp-page\" data-elementor-id=\"35\" class=\"elementor elementor-35\" data-elementor-settings=\"{&quot;element_pack_global_tooltip_width&quot;:{&quot;unit&quot;:&quot;px&quot;,&quot;size&quot;:&quot;&quot;,&quot;sizes&quot;:[]},&quot;element_pack_global_tooltip_width_tablet&quot;:{&quot;unit&quot;:&quot;px&quot;,&quot;size&quot;:&quot;&quot;,&quot;sizes&quot;:[]},&quot;element_pack_global_tooltip_width_mobile&quot;:{&quot;unit&quot;:&quot;px&quot;,&quot;size&quot;:&quot;&quot;,&quot;sizes&quot;:[]},&quot;element_pack_global_tooltip_padding&quot;:{&quot;unit&quot;:&quot;px&quot;,&quot;top&quot;:&quot;&quot;,&quot;right&quot;:&quot;&quot;,&quot;bottom&quot;:&quot;&quot;,&quot;left&quot;:&quot;&quot;,&quot;isLinked&quot;:true},&quot;element_pack_global_tooltip_padding_tablet&quot;:{&quot;unit&quot;:&quot;px&quot;,&quot;top&quot;:&quot;&quot;,&quot;right&quot;:&quot;&quot;,&quot;bottom&quot;:&quot;&quot;,&quot;left&quot;:&quot;&quot;,&quot;isLinked&quot;:true},&quot;element_pack_global_tooltip_padding_mobile&quot;:{&quot;unit&quot;:&quot;px&quot;,&quot;top&quot;:&quot;&quot;,&quot;right&quot;:&quot;&quot;,&quot;bottom&quot;:&quot;&quot;,&quot;left&quot;:&quot;&quot;,&quot;isLinked&quot;:true},&quot;element_pack_global_tooltip_border_radius&quot;:{&quot;unit&quot;:&quot;px&quot;,&quot;top&quot;:&quot;&quot;,&quot;right&quot;:&quot;&quot;,&quot;bottom&quot;:&quot;&quot;,&quot;left&quot;:&quot;&quot;,&quot;isLinked&quot;:true},&quot;element_pack_global_tooltip_border_radius_tablet&quot;:{&quot;unit&quot;:&quot;px&quot;,&quot;top&quot;:&quot;&quot;,&quot;right&quot;:&quot;&quot;,&quot;bottom&quot;:&quot;&quot;,&quot;left&quot;:&quot;&quot;,&quot;isLinked&quot;:true},&quot;element_pack_global_tooltip_border_radius_mobile&quot;:{&quot;unit&quot;:&quot;px&quot;,&quot;top&quot;:&quot;&quot;,&quot;right&quot;:&quot;&quot;,&quot;bottom&quot;:&quot;&quot;,&quot;left&quot;:&quot;&quot;,&quot;isLinked&quot;:true}}\" data-elementor-post-type=\"page\">\n\t\t\t\t<div class=\"elementor-element elementor-element-256296d e-flex e-con-boxed e-con e-parent\" data-id=\"256296d\" data-element_type=\"container\">\n\t\t\t\t\t<div class=\"e-con-inner\">\n\t\t\t\t<div class=\"elementor-element elementor-element-52c3c2d color-scheme-inherit text-left elementor-widget elementor-widget-text-editor\" data-id=\"52c3c2d\" data-element_type=\"widget\" data-widget_type=\"text-editor.default\">\n\t\t\t\t<div class=\"elementor-widget-container\">\n\t\t\t\t\t\t\t\t\t<h1><span style=\"color: #1f2b5f;\">\u062e\u062f\u0645\u0627\u062a<\/span><\/h1><p><strong>\u0635\u0646\u0627\u0639\u0629 \u0645\u0627\u0643\u064a\u0646\u0627\u062a \u0633\u062a\u064a\u0644 \u0628\u0627\u0643 - \u062e\u062f\u0645\u0627\u062a<\/strong>\u00a0\u064a\u0641\u064a \u0623\u064a\u0636\u064b\u0627 \u0628\u0637\u0644\u0628\u0627\u062a\u0643 \u0627\u0644\u0625\u0636\u0627\u0641\u064a\u0629 \u0648\u0641\u0642\u064b\u0627 \u0644\u0627\u062d\u062a\u064a\u0627\u062c\u0627\u062a\u0643 \u0641\u064a \u0627\u0644\u0645\u062c\u0627\u0644. \u0648\u0641\u0642\u064b\u0627 \u0644\u0645\u0647\u0645\u062a\u0646\u0627\u060c \u0646\u0642\u062f\u0645 \u0627\u0644\u062c\u0648\u062f\u0629 \u0648\u0627\u0644\u062b\u0642\u0629 \u0648\u0627\u0644\u062f\u0639\u0645 \u0628\u0639\u062f \u0627\u0644\u0628\u064a\u0639 \u0644\u062c\u0645\u064a\u0639 \u0627\u0644\u0628\u0644\u062f\u0627\u0646 \u062f\u0648\u0646 \u062a\u0645\u064a\u064a\u0632. \u064a\u0642\u062f\u0645 \u062e\u062f\u0645\u0627\u062a \u0627\u0644\u062d\u0644\u0648\u0644 \u0648\u0627\u0644\u062a\u0646\u0641\u064a\u0630 \u0644\u0627\u062d\u062a\u064a\u0627\u062c\u0627\u062a\u0643 \u0641\u064a \u0627\u0644\u062a\u0639\u0628\u0626\u0629 \u0648\u0627\u0644\u062a\u063a\u0644\u064a\u0641.<\/p><p><strong>\u0625\u0646\u062a\u0627\u062c\u0627\u062a\u0646\u0627<\/strong><\/p><ul><li>\u0622\u0644\u0627\u062a \u0627\u0644\u062a\u0639\u0628\u0626\u0629 \u0645\u0646 \u0646\u0648\u0639 \u0627\u0644\u0638\u0631\u0641 (\u062a\u063a\u0644\u064a\u0641)<\/li><li>\u062c\u0647\u0627\u0632 \u0634\u0631\u064a\u0637 \u0627\u0644\u0641\u062a\u062d<\/li><li>\u0622\u0644\u0627\u062a \u0627\u0644\u062a\u0639\u0628\u0626\u0629 \u0627\u0644\u0623\u0641\u0642\u064a\u0629<\/li><li>\u0627\u0644\u0635\u064a\u0627\u0646\u0629 \u0627\u0644\u062f\u0648\u0631\u064a\u0629 \u0644\u0622\u0644\u0627\u062a \u0627\u0644\u062a\u0639\u0628\u0626\u0629<\/li><li>\u0642\u0637\u0639 \u0627\u0644\u063a\u064a\u0627\u0631<\/li><li>\u0633\u064a\u0648\u0631 \u0646\u0642\u0644 \u0622\u0644\u064a\u0629<\/li><\/ul><p><strong>\u0627\u0644\u0644\u0648\u0627\u0632\u0645 \u0627\u0644\u062a\u064a \u0646\u0648\u0641\u0631\u0647\u0627<\/strong><\/p><ul><li>\u0622\u0644\u0627\u062a \u0627\u0644\u0643\u0631\u062a\u0648\u0646<\/li><li>\u0634\u0631\u064a\u0637 \u0627\u0644\u0641\u062a\u062d \u0627\u0644\u0633\u0647\u0644<\/li><li>\u0641\u064a\u0644\u0645 \u062a\u063a\u0644\u064a\u0641 BOPP\/OPP<\/li><li>\u0623\u0641\u0644\u0627\u0645 \u0627\u0644\u062a\u063a\u0644\u064a\u0641 \u0627\u0644\u0627\u0646\u0643\u0645\u0627\u0634\u064a\u0629<\/li><li>\u062e\u0637\u0648\u0637 \u0627\u0644\u0625\u0646\u062a\u0627\u062c<\/li><\/ul>\t\t\t\t\t\t\t\t<\/div>\n\t\t\t\t<\/div>\n\t\t\t\t\t<\/div>\n\t\t\t\t<\/div>\n\t\t<div class=\"elementor-element elementor-element-514cdfd e-flex e-con-boxed e-con e-parent\" data-id=\"514cdfd\" data-element_type=\"container\">\n\t\t\t\t\t<div class=\"e-con-inner\">\n\t\t\t\t<div class=\"elementor-element elementor-element-20f768d elementor-widget elementor-widget-image\" data-id=\"20f768d\" data-element_type=\"widget\" data-widget_type=\"image.default\">\n\t\t\t\t<div class=\"elementor-widget-container\">\n\t\t\t\t\t\t\t\t\t\t\t\t\t\t\t<img fetchpriority=\"high\" decoding=\"async\" width=\"960\" height=\"538\" src=\"https:\/\/www.steelmakina.com.tr\/wp-content\/uploads\/2024\/03\/steel-pack-makine-servis-gorseli.jpeg\" class=\"attachment-large size-large wp-image-22636\" alt=\"\" srcset=\"https:\/\/www.steelmakina.com.tr\/wp-content\/uploads\/2024\/03\/steel-pack-makine-servis-gorseli.jpeg 960w, https:\/\/www.steelmakina.com.tr\/wp-content\/uploads\/2024\/03\/steel-pack-makine-servis-gorseli-400x224.jpeg 400w, https:\/\/www.steelmakina.com.tr\/wp-content\/uploads\/2024\/03\/steel-pack-makine-servis-gorseli-768x430.jpeg 768w, https:\/\/www.steelmakina.com.tr\/wp-content\/uploads\/2024\/03\/steel-pack-makine-servis-gorseli-18x10.jpeg 18w\" sizes=\"(max-width: 960px) 100vw, 960px\" \/>\t\t\t\t\t\t\t\t\t\t\t\t\t\t\t<\/div>\n\t\t\t\t<\/div>\n\t\t\t\t\t<\/div>\n\t\t\t\t<\/div>\n\t\t\t\t<\/div>","protected":false},"excerpt":{"rendered":"<p>SERV\u0130SLER Steel Pack Makina Sanayi &#8211; Servis\u00a0alan\u0131nda ihtiya\u00e7lar\u0131n\u0131z do\u011frultusunda ek talepleriniz de kar\u015f\u0131lamaktad\u0131r. Misyonumuz gere\u011fi Kalite, G\u00fcven ve Sat\u0131\u015f sonras\u0131<\/p>","protected":false},"author":1,"featured_media":0,"parent":0,"menu_order":0,"comment_status":"closed","ping_status":"closed","template":"elementor_header_footer","meta":{"footnotes":""},"class_list":["post-35","page","type-page","status-publish","hentry"],"_links":{"self":[{"href":"https:\/\/www.steelmakina.com.tr\/ar\/wp-json\/wp\/v2\/pages\/35","targetHints":{"allow":["GET"]}}],"collection":[{"href":"https:\/\/www.steelmakina.com.tr\/ar\/wp-json\/wp\/v2\/pages"}],"about":[{"href":"https:\/\/www.steelmakina.com.tr\/ar\/wp-json\/wp\/v2\/types\/page"}],"author":[{"embeddable":true,"href":"https:\/\/www.steelmakina.com.tr\/ar\/wp-json\/wp\/v2\/users\/1"}],"replies":[{"embeddable":true,"href":"https:\/\/www.steelmakina.com.tr\/ar\/wp-json\/wp\/v2\/comments?post=35"}],"version-history":[{"count":19,"href":"https:\/\/www.steelmakina.com.tr\/ar\/wp-json\/wp\/v2\/pages\/35\/revisions"}],"predecessor-version":[{"id":23158,"href":"https:\/\/www.steelmakina.com.tr\/ar\/wp-json\/wp\/v2\/pages\/35\/revisions\/23158"}],"wp:attachment":[{"href":"https:\/\/www.steelmakina.com.tr\/ar\/wp-json\/wp\/v2\/media?parent=35"}],"curies":[{"name":"wp","href":"https:\/\/api.w.org\/{rel}","templated":true}]}}