{"id":29,"date":"2024-02-29T12:01:34","date_gmt":"2024-02-29T12:01:34","guid":{"rendered":"https:\/\/www.steelpackmakine.com\/?page_id=29"},"modified":"2024-03-23T06:47:48","modified_gmt":"2024-03-23T06:47:48","slug":"makinalar","status":"publish","type":"page","link":"https:\/\/www.steelmakina.com.tr\/ar\/makinalar\/","title":{"rendered":"\u0622\u0644\u0627\u062a"},"content":{"rendered":"<div data-elementor-type=\"wp-page\" data-elementor-id=\"29\" class=\"elementor elementor-29\" data-elementor-settings=\"{&quot;element_pack_global_tooltip_width&quot;:{&quot;unit&quot;:&quot;px&quot;,&quot;size&quot;:&quot;&quot;,&quot;sizes&quot;:[]},&quot;element_pack_global_tooltip_width_tablet&quot;:{&quot;unit&quot;:&quot;px&quot;,&quot;size&quot;:&quot;&quot;,&quot;sizes&quot;:[]},&quot;element_pack_global_tooltip_width_mobile&quot;:{&quot;unit&quot;:&quot;px&quot;,&quot;size&quot;:&quot;&quot;,&quot;sizes&quot;:[]},&quot;element_pack_global_tooltip_padding&quot;:{&quot;unit&quot;:&quot;px&quot;,&quot;top&quot;:&quot;&quot;,&quot;right&quot;:&quot;&quot;,&quot;bottom&quot;:&quot;&quot;,&quot;left&quot;:&quot;&quot;,&quot;isLinked&quot;:true},&quot;element_pack_global_tooltip_padding_tablet&quot;:{&quot;unit&quot;:&quot;px&quot;,&quot;top&quot;:&quot;&quot;,&quot;right&quot;:&quot;&quot;,&quot;bottom&quot;:&quot;&quot;,&quot;left&quot;:&quot;&quot;,&quot;isLinked&quot;:true},&quot;element_pack_global_tooltip_padding_mobile&quot;:{&quot;unit&quot;:&quot;px&quot;,&quot;top&quot;:&quot;&quot;,&quot;right&quot;:&quot;&quot;,&quot;bottom&quot;:&quot;&quot;,&quot;left&quot;:&quot;&quot;,&quot;isLinked&quot;:true},&quot;element_pack_global_tooltip_border_radius&quot;:{&quot;unit&quot;:&quot;px&quot;,&quot;top&quot;:&quot;&quot;,&quot;right&quot;:&quot;&quot;,&quot;bottom&quot;:&quot;&quot;,&quot;left&quot;:&quot;&quot;,&quot;isLinked&quot;:true},&quot;element_pack_global_tooltip_border_radius_tablet&quot;:{&quot;unit&quot;:&quot;px&quot;,&quot;top&quot;:&quot;&quot;,&quot;right&quot;:&quot;&quot;,&quot;bottom&quot;:&quot;&quot;,&quot;left&quot;:&quot;&quot;,&quot;isLinked&quot;:true},&quot;element_pack_global_tooltip_border_radius_mobile&quot;:{&quot;unit&quot;:&quot;px&quot;,&quot;top&quot;:&quot;&quot;,&quot;right&quot;:&quot;&quot;,&quot;bottom&quot;:&quot;&quot;,&quot;left&quot;:&quot;&quot;,&quot;isLinked&quot;:true}}\" data-elementor-post-type=\"page\">\n\t\t\t\t<div class=\"elementor-element elementor-element-12a8468 e-flex e-con-boxed e-con e-parent\" data-id=\"12a8468\" data-element_type=\"container\">\n\t\t\t\t\t<div class=\"e-con-inner\">\n\t\t\t\t<div class=\"elementor-element elementor-element-5406e90 elementor-widget elementor-widget-heading\" data-id=\"5406e90\" data-element_type=\"widget\" data-widget_type=\"heading.default\">\n\t\t\t\t<div class=\"elementor-widget-container\">\n\t\t\t\t\t<h2 class=\"elementor-heading-title elementor-size-default\">\u0622\u0644\u0627\u062a<\/h2>\t\t\t\t<\/div>\n\t\t\t\t<\/div>\n\t\t\t\t<div class=\"elementor-element elementor-element-eb88145 color-scheme-inherit text-left elementor-widget elementor-widget-text-editor\" data-id=\"eb88145\" data-element_type=\"widget\" data-widget_type=\"text-editor.default\">\n\t\t\t\t<div class=\"elementor-widget-container\">\n\t\t\t\t\t\t\t\t\t<section class=\"fnp_icerik\"><div class=\"container\"><div class=\"row\"><div class=\"col-md-12 col-sm-12\"><p>\u0641\u064a \u0634\u0631\u0643\u0629 Steel Pack Machine\u060c \u0646\u0642\u062f\u0645 \u062e\u062f\u0645\u0627\u062a \u0627\u0644\u062a\u0639\u0628\u0626\u0629 \u0644\u0644\u0645\u0646\u062a\u062c\u0627\u062a\u060c \u0648\u0627\u0644\u062a\u0628\u063a\u060c \u0648\u0627\u0644\u0635\u0646\u0627\u062f\u064a\u0642\u060c \u0648\u0627\u0644\u0648\u0631\u0642. \u062a\u062a\u0648\u0641\u0631 \u0622\u0644\u0627\u062a\u0646\u0627 \u0641\u064a \u0646\u0645\u0627\u0630\u062c \u0643\u0627\u0645\u0644\u0629 \u0627\u0644\u0622\u0644\u064a \u0648\u0646\u0635\u0641 \u0627\u0644\u0622\u0644\u064a. \u0646\u0648\u0644\u064a \u0627\u0647\u062a\u0645\u0627\u0645\u064b\u0627 \u0643\u0628\u064a\u0631\u064b\u0627 \u0644\u0631\u0636\u0627 \u0627\u0644\u0639\u0645\u0644\u0627\u0621\u060c \u0648\u064a\u0645\u0643\u0646\u0643 \u0631\u0624\u064a\u0629 \u0627\u0644\u0623\u0647\u0645\u064a\u0629 \u0627\u0644\u062a\u064a \u0646\u0648\u0644\u064a\u0647\u0627 \u0644\u0639\u0645\u0644\u0646\u0627 \u0645\u0646 \u062e\u0644\u0627\u0644 \u0627\u0644\u062a\u062d\u0642\u0642 \u0645\u0646 \u0645\u0631\u0627\u062c\u0639\u0646\u0627. \u0644\u0627 \u062a\u062a\u0631\u062f\u062f \u0641\u064a \u0627\u0644\u0627\u062a\u0635\u0627\u0644 \u0628\u0646\u0627 \u0644\u0644\u062d\u0635\u0648\u0644 \u0639\u0644\u0649 \u0645\u0639\u0644\u0648\u0645\u0627\u062a \u0623\u0643\u062b\u0631 \u062a\u0641\u0635\u064a\u0644\u0627\u064b.<\/p><\/div><\/div><\/div><\/section>\t\t\t\t\t\t\t\t<\/div>\n\t\t\t\t<\/div>\n\t\t\t\t\t<\/div>\n\t\t\t\t<\/div>\n\t\t<div class=\"elementor-element elementor-element-798b25a e-flex e-con-boxed e-con e-parent\" data-id=\"798b25a\" data-element_type=\"container\">\n\t\t\t\t\t<div class=\"e-con-inner\">\n\t\t\t\t<div class=\"elementor-element elementor-element-a5e7743 elementor-widget elementor-widget-html\" data-id=\"a5e7743\" data-element_type=\"widget\" data-widget_type=\"html.default\">\n\t\t\t\t<div class=\"elementor-widget-container\">\n\t\t\t\t\t<link rel=\"stylesheet\" href=\"https:\/\/cdnjs.cloudflare.com\/ajax\/libs\/font-awesome\/5.15.4\/css\/all.min.css\" integrity=\"sha512-*****\" crossorigin=\"anonymous\" \/>\r\n\t\t\t\t<\/div>\n\t\t\t\t<\/div>\n\t\t\t\t\t<\/div>\n\t\t\t\t<\/div>\n\t\t<div class=\"elementor-element elementor-element-a9becf4 e-flex e-con-boxed e-con e-parent\" data-id=\"a9becf4\" data-element_type=\"container\">\n\t\t\t\t\t<div class=\"e-con-inner\">\n\t\t<div class=\"elementor-element elementor-element-82b5e58 e-con-full e-flex e-con e-child\" data-id=\"82b5e58\" data-element_type=\"container\">\n\t\t\t\t<div class=\"elementor-element elementor-element-13e2c4b elementor-position-top elementor-widget elementor-widget-image-box\" data-id=\"13e2c4b\" data-element_type=\"widget\" data-widget_type=\"image-box.default\">\n\t\t\t\t<div class=\"elementor-widget-container\">\n\t\t\t\t\t<div class=\"elementor-image-box-wrapper\"><figure class=\"elementor-image-box-img\"><a href=\"https:\/\/www.steelmakina.com.tr\/ar\/makinalar\/stlw-m-01\/\" tabindex=\"-1\"><img decoding=\"async\" src=\"https:\/\/www.steelmakina.com.tr\/wp-content\/uploads\/elementor\/thumbs\/WhatsApp-Image-2024-03-19-at-18.19.53-qlgg3kuv7hr9jeqiu8m71vgkdhhd431c6fb8a6a0bs.jpeg\" title=\"WhatsApp Image 2024-03-19 at 18.19.53\" alt=\"WhatsApp Image 2024-03-19 at 18.19.53\" loading=\"lazy\" \/><\/a><\/figure><div class=\"elementor-image-box-content\"><h3 class=\"elementor-image-box-title\"><a href=\"https:\/\/www.steelmakina.com.tr\/ar\/makinalar\/stlw-m-01\/\">STLW - M 01<\/a><\/h3><p class=\"elementor-image-box-description\">\u0622\u0644\u062a\u0646\u0627 \u0645\u0646\u0627\u0633\u0628\u0629 \u0644\u062a\u0639\u0628\u0626\u0629 \u0627\u0644\u0623\u062d\u062c\u0627\u0645 \u0627\u0644\u0635\u063a\u064a\u0631\u0629 \u0648\u0627\u0644\u0645\u062a\u0648\u0633\u0637\u0629 \u0636\u0645\u0646 \u0627\u0644\u0623\u0628\u0639\u0627\u062f \u0627\u0644\u0645\u062d\u062f\u062f\u0629 \u0644\u0644\u0623\u0634\u0643\u0627\u0644 \u0627\u0644\u0645\u0631\u0628\u0639\u0629 \u0648\u0627\u0644\u0645\u0633\u062a\u0637\u064a\u0644\u0629...<br><br>\n<a href=\"https:\/\/www.steelmakina.com.tr\/ar\/makinalar\/stlw-m-01\/\">\u062a\u0641\u0627\u0635\u064a\u0644   <i class=\"fas fa-plus-circle small-icon\"><\/i><\/a> \n<\/p><\/div><\/div>\t\t\t\t<\/div>\n\t\t\t\t<\/div>\n\t\t\t\t<\/div>\n\t\t<div class=\"elementor-element elementor-element-d04f812 e-con-full e-flex e-con e-child\" data-id=\"d04f812\" data-element_type=\"container\">\n\t\t\t\t<div class=\"elementor-element elementor-element-129a7fe elementor-position-top elementor-widget elementor-widget-image-box\" data-id=\"129a7fe\" data-element_type=\"widget\" data-widget_type=\"image-box.default\">\n\t\t\t\t<div class=\"elementor-widget-container\">\n\t\t\t\t\t<div class=\"elementor-image-box-wrapper\"><figure class=\"elementor-image-box-img\"><a href=\"https:\/\/www.steelmakina.com.tr\/ar\/makinalar\/stlw-m-02\/\" tabindex=\"-1\"><img decoding=\"async\" src=\"https:\/\/www.steelmakina.com.tr\/wp-content\/uploads\/elementor\/thumbs\/WhatsApp-Gorsel-2024-03-19-saat-12.50.12_26045d76-qlfqj3gmi5oo2fsftcsmb5ke7mfdams6agfjlb35m0.jpg\" title=\"WhatsApp G\u00f6rsel 2024-03-19 saat 12.50.12_26045d76\" alt=\"WhatsApp G\u00f6rsel 2024-03-19 saat 12.50.12_26045d76\" loading=\"lazy\" \/><\/a><\/figure><div class=\"elementor-image-box-content\"><h3 class=\"elementor-image-box-title\"><a href=\"https:\/\/www.steelmakina.com.tr\/ar\/makinalar\/stlw-m-02\/\">STLW - M 02<\/a><\/h3><p class=\"elementor-image-box-description\">\u062a\u0645 \u062a\u0635\u0645\u064a\u0645 \u0622\u0644\u062a\u0646\u0627 \u0644\u062a\u0639\u0628\u0626\u0629 \u0627\u0644\u0639\u0646\u0627\u0635\u0631 \u0630\u0627\u062a \u0627\u0644\u062d\u062c\u0645 \u0627\u0644\u0645\u062a\u0648\u0633\u0637 \u200b\u200b\u0648\u0627\u0644\u0643\u0628\u064a\u0631 \u0641\u064a \u0623\u0634\u0643\u0627\u0644 \u0645\u0631\u0628\u0639\u0629 \u0648\u0645\u0633\u062a\u0637\u064a\u0644\u0629 \u0636\u0645\u0646 \u0627\u0644\u0623\u0628\u0639\u0627\u062f \u0627\u0644\u0645\u062d\u062f\u062f\u0629.\n<br><br>\n<a href=\"https:\/\/www.steelmakina.com.tr\/ar\/makinalar\/stlw-m-02\/\">\u062a\u0641\u0627\u0635\u064a\u0644 <i class=\"fas fa-plus-circle small-icon\"><\/i> <\/a>  <\/p><\/div><\/div>\t\t\t\t<\/div>\n\t\t\t\t<\/div>\n\t\t\t\t<\/div>\n\t\t<div class=\"elementor-element elementor-element-160a362 e-con-full e-flex e-con e-child\" data-id=\"160a362\" data-element_type=\"container\">\n\t\t\t\t<div class=\"elementor-element elementor-element-94aa472 elementor-position-top elementor-widget elementor-widget-image-box\" data-id=\"94aa472\" data-element_type=\"widget\" data-widget_type=\"image-box.default\">\n\t\t\t\t<div class=\"elementor-widget-container\">\n\t\t\t\t\t<div class=\"elementor-image-box-wrapper\"><figure class=\"elementor-image-box-img\"><a href=\"https:\/\/www.steelmakina.com.tr\/ar\/makinalar\/stlw-m-03\/\" tabindex=\"-1\"><img decoding=\"async\" src=\"https:\/\/www.steelmakina.com.tr\/wp-content\/uploads\/elementor\/thumbs\/WhatsApp-Image-2024-03-19-at-18.19.541-qlgg3lspebsjv0p5or0tmd80yvcqbs52ijyprg8m5k.jpeg\" title=\"WhatsApp Image 2024-03-19 at 18.19.54(1)\" alt=\"WhatsApp Image 2024-03-19 at 18.19.54(1)\" loading=\"lazy\" \/><\/a><\/figure><div class=\"elementor-image-box-content\"><h3 class=\"elementor-image-box-title\"><a href=\"https:\/\/www.steelmakina.com.tr\/ar\/makinalar\/stlw-m-03\/\">STLW - M 03<\/a><\/h3><p class=\"elementor-image-box-description\">\u062a\u0645 \u062a\u0635\u0645\u064a\u0645 \u0622\u0644\u062a\u0646\u0627 \u0644\u062a\u0639\u0628\u0626\u0629 \u0627\u0644\u0639\u0646\u0627\u0635\u0631 \u0630\u0627\u062a \u0627\u0644\u062d\u062c\u0645 \u0627\u0644\u0645\u062a\u0648\u0633\u0637 \u200b\u200b\u0648\u0627\u0644\u0643\u0628\u064a\u0631 \u0641\u064a \u0623\u0634\u0643\u0627\u0644 \u0645\u0631\u0628\u0639\u0629 \u0648\u0645\u0633\u062a\u0637\u064a\u0644\u0629 \u0636\u0645\u0646 \u0627\u0644\u0623\u0628\u0639\u0627\u062f \u0627\u0644\u0645\u062d\u062f\u062f\u0629.\n<br><br>\n<a href=\"https:\/\/www.steelmakina.com.tr\/ar\/makinalar\/stlw-m-03\/\">\u062a\u0641\u0627\u0635\u064a\u0644  <i class=\"fas fa-plus-circle small-icon\"><\/i><\/a> <\/p><\/div><\/div>\t\t\t\t<\/div>\n\t\t\t\t<\/div>\n\t\t\t\t<\/div>\n\t\t\t\t\t<\/div>\n\t\t\t\t<\/div>\n\t\t<div class=\"elementor-element elementor-element-6633356 e-flex e-con-boxed e-con e-parent\" data-id=\"6633356\" data-element_type=\"container\">\n\t\t\t\t\t<div class=\"e-con-inner\">\n\t\t\t\t<div class=\"elementor-element elementor-element-61d52d3 elementor-widget elementor-widget-spacer\" data-id=\"61d52d3\" data-element_type=\"widget\" data-widget_type=\"spacer.default\">\n\t\t\t\t<div class=\"elementor-widget-container\">\n\t\t\t\t\t\t\t<div class=\"elementor-spacer\">\n\t\t\t<div class=\"elementor-spacer-inner\"><\/div>\n\t\t<\/div>\n\t\t\t\t\t\t<\/div>\n\t\t\t\t<\/div>\n\t\t\t\t\t<\/div>\n\t\t\t\t<\/div>\n\t\t<div class=\"elementor-element elementor-element-843816b e-flex e-con-boxed e-con e-parent\" data-id=\"843816b\" data-element_type=\"container\">\n\t\t\t\t\t<div class=\"e-con-inner\">\n\t\t<div class=\"elementor-element elementor-element-af7174e e-con-full e-flex e-con e-child\" data-id=\"af7174e\" data-element_type=\"container\">\n\t\t\t\t<div class=\"elementor-element elementor-element-8d89814 elementor-position-top elementor-widget elementor-widget-image-box\" data-id=\"8d89814\" data-element_type=\"widget\" data-widget_type=\"image-box.default\">\n\t\t\t\t<div class=\"elementor-widget-container\">\n\t\t\t\t\t<div class=\"elementor-image-box-wrapper\"><figure class=\"elementor-image-box-img\"><a href=\"https:\/\/www.steelmakina.com.tr\/ar\/makinalar\/stlw-m-04\/\" tabindex=\"-1\"><img decoding=\"async\" src=\"https:\/\/www.steelmakina.com.tr\/wp-content\/uploads\/elementor\/thumbs\/steel-pack-makine-makinelerimiz-detay-gorsel_1-qljch3mlm7ir2eq6jy5g16corf4ydn4x4fgndoyotk.jpg\" title=\"steel-pack-makine-makinelerimiz-detay-g\u00f6rsel_1\" alt=\"steel-pack-makine-makinelerimiz-detay-g\u00f6rsel_1\" loading=\"lazy\" \/><\/a><\/figure><div class=\"elementor-image-box-content\"><h3 class=\"elementor-image-box-title\"><a href=\"https:\/\/www.steelmakina.com.tr\/ar\/makinalar\/stlw-m-04\/\">STLW - M 04<\/a><\/h3><p class=\"elementor-image-box-description\">\u0622\u0644\u062a\u0646\u0627 \u0645\u0646\u0627\u0633\u0628\u0629 \u0644\u062a\u0639\u0628\u0626\u0629 \u0627\u0644\u0623\u062d\u062c\u0627\u0645 \u0627\u0644\u0635\u063a\u064a\u0631\u0629 \u0648\u0627\u0644\u0645\u062a\u0648\u0633\u0637\u0629 \u0636\u0645\u0646 \u0627\u0644\u0623\u0628\u0639\u0627\u062f \u0627\u0644\u0645\u062d\u062f\u062f\u0629 \u0644\u0644\u0623\u0634\u0643\u0627\u0644 \u0627\u0644\u0645\u0631\u0628\u0639\u0629 \u0648\u0627\u0644\u0645\u0633\u062a\u0637\u064a\u0644\u0629...<br><br>\n<a href=\"https:\/\/www.steelmakina.com.tr\/ar\/makinalar\/stlw-m-01\/\">\u062a\u0641\u0627\u0635\u064a\u0644   <i class=\"fas fa-plus-circle small-icon\"><\/i><\/a> \n<\/p><\/div><\/div>\t\t\t\t<\/div>\n\t\t\t\t<\/div>\n\t\t\t\t<\/div>\n\t\t<div class=\"elementor-element elementor-element-8f07d95 e-con-full e-flex e-con e-child\" data-id=\"8f07d95\" data-element_type=\"container\">\n\t\t\t\t<div class=\"elementor-element elementor-element-e07435c elementor-position-top elementor-widget elementor-widget-image-box\" data-id=\"e07435c\" data-element_type=\"widget\" data-widget_type=\"image-box.default\">\n\t\t\t\t<div class=\"elementor-widget-container\">\n\t\t\t\t\t<div class=\"elementor-image-box-wrapper\"><figure class=\"elementor-image-box-img\"><a href=\"https:\/\/www.steelmakina.com.tr\/ar\/makinalar\/stlw-m-05\/\" tabindex=\"-1\"><img decoding=\"async\" src=\"https:\/\/www.steelmakina.com.tr\/wp-content\/uploads\/elementor\/thumbs\/steel-pack-makine-makinelerimiz-detay-gorsel_2-qljcl3fwnuzmeqxa86bd4o27ndg43bzuo79xt11gdk.jpg\" title=\"steel-pack-makine-makinelerimiz-detay-g\u00f6rsel_2\" alt=\"steel-pack-makine-makinelerimiz-detay-g\u00f6rsel_2\" loading=\"lazy\" \/><\/a><\/figure><div class=\"elementor-image-box-content\"><h3 class=\"elementor-image-box-title\"><a href=\"https:\/\/www.steelmakina.com.tr\/ar\/makinalar\/stlw-m-05\/\">STLW - M 05<\/a><\/h3><p class=\"elementor-image-box-description\">\u062a\u0645 \u062a\u0635\u0645\u064a\u0645 \u0622\u0644\u062a\u0646\u0627 \u0644\u062a\u0639\u0628\u0626\u0629 \u0627\u0644\u0639\u0646\u0627\u0635\u0631 \u0630\u0627\u062a \u0627\u0644\u062d\u062c\u0645 \u0627\u0644\u0645\u062a\u0648\u0633\u0637 \u200b\u200b\u0648\u0627\u0644\u0643\u0628\u064a\u0631 \u0641\u064a \u0623\u0634\u0643\u0627\u0644 \u0645\u0631\u0628\u0639\u0629 \u0648\u0645\u0633\u062a\u0637\u064a\u0644\u0629 \u0636\u0645\u0646 \u0627\u0644\u0623\u0628\u0639\u0627\u062f \u0627\u0644\u0645\u062d\u062f\u062f\u0629.\n<br><br>\n<a href=\"https:\/\/www.steelmakina.com.tr\/ar\/makinalar\/stlw-m-02\/\">\u062a\u0641\u0627\u0635\u064a\u0644 <i class=\"fas fa-plus-circle small-icon\"><\/i> <\/a>  <\/p><\/div><\/div>\t\t\t\t<\/div>\n\t\t\t\t<\/div>\n\t\t\t\t<\/div>\n\t\t<div class=\"elementor-element elementor-element-ca194b4 e-con-full e-flex e-con e-child\" data-id=\"ca194b4\" data-element_type=\"container\">\n\t\t\t\t<\/div>\n\t\t\t\t\t<\/div>\n\t\t\t\t<\/div>\n\t\t<div class=\"elementor-element elementor-element-02a07f7 e-flex e-con-boxed e-con e-parent\" data-id=\"02a07f7\" data-element_type=\"container\">\n\t\t\t\t\t<div class=\"e-con-inner\">\n\t\t\t\t<div class=\"elementor-element elementor-element-4bfaaba elementor-widget elementor-widget-spacer\" data-id=\"4bfaaba\" data-element_type=\"widget\" data-widget_type=\"spacer.default\">\n\t\t\t\t<div class=\"elementor-widget-container\">\n\t\t\t\t\t\t\t<div class=\"elementor-spacer\">\n\t\t\t<div class=\"elementor-spacer-inner\"><\/div>\n\t\t<\/div>\n\t\t\t\t\t\t<\/div>\n\t\t\t\t<\/div>\n\t\t\t\t\t<\/div>\n\t\t\t\t<\/div>\n\t\t<div class=\"elementor-element elementor-element-1f2238d e-flex e-con-boxed e-con e-parent\" data-id=\"1f2238d\" data-element_type=\"container\">\n\t\t\t\t\t<div class=\"e-con-inner\">\n\t\t\t\t<div class=\"elementor-element elementor-element-56b2e29 elementor-widget elementor-widget-video\" data-id=\"56b2e29\" data-element_type=\"widget\" data-settings=\"{&quot;video_type&quot;:&quot;hosted&quot;,&quot;controls&quot;:&quot;yes&quot;}\" data-widget_type=\"video.default\">\n\t\t\t\t<div class=\"elementor-widget-container\">\n\t\t\t\t\t\t\t<div class=\"e-hosted-video elementor-wrapper elementor-open-inline\">\n\t\t\t\t\t<video class=\"elementor-video\" src=\"https:\/\/www.steelmakina.com.tr\/wp-content\/uploads\/2024\/03\/steelpackmakine-makine-video.mp4\" controls=\"\" preload=\"metadata\" controlslist=\"nodownload\"><\/video>\n\t\t\t\t<\/div>\n\t\t\t\t\t\t<\/div>\n\t\t\t\t<\/div>\n\t\t\t\t\t<\/div>\n\t\t\t\t<\/div>\n\t\t<div class=\"elementor-element elementor-element-825d0a2 e-flex e-con-boxed e-con e-parent\" data-id=\"825d0a2\" data-element_type=\"container\">\n\t\t\t\t\t<div class=\"e-con-inner\">\n\t\t\t\t<div class=\"elementor-element elementor-element-6136580 elementor-widget elementor-widget-spacer\" data-id=\"6136580\" data-element_type=\"widget\" data-widget_type=\"spacer.default\">\n\t\t\t\t<div class=\"elementor-widget-container\">\n\t\t\t\t\t\t\t<div class=\"elementor-spacer\">\n\t\t\t<div class=\"elementor-spacer-inner\"><\/div>\n\t\t<\/div>\n\t\t\t\t\t\t<\/div>\n\t\t\t\t<\/div>\n\t\t\t\t\t<\/div>\n\t\t\t\t<\/div>\n\t\t<div class=\"elementor-element elementor-element-26e9f21 e-flex e-con-boxed e-con e-parent\" data-id=\"26e9f21\" data-element_type=\"container\">\n\t\t\t\t\t<div class=\"e-con-inner\">\n\t\t\t\t<div class=\"elementor-element elementor-element-544a2df elementor-widget elementor-widget-video\" data-id=\"544a2df\" data-element_type=\"widget\" data-settings=\"{&quot;video_type&quot;:&quot;hosted&quot;,&quot;controls&quot;:&quot;yes&quot;}\" data-widget_type=\"video.default\">\n\t\t\t\t<div class=\"elementor-widget-container\">\n\t\t\t\t\t\t\t<div class=\"e-hosted-video elementor-wrapper elementor-open-inline\">\n\t\t\t\t\t<video class=\"elementor-video\" src=\"https:\/\/www.steelmakina.com.tr\/wp-content\/uploads\/2024\/03\/steelpackmakine-makine-video_2.mp4\" controls=\"\" preload=\"metadata\" controlslist=\"nodownload\"><\/video>\n\t\t\t\t<\/div>\n\t\t\t\t\t\t<\/div>\n\t\t\t\t<\/div>\n\t\t\t\t\t<\/div>\n\t\t\t\t<\/div>\n\t\t\t\t<\/div>","protected":false},"excerpt":{"rendered":"<p>MAK\u0130NALAR Steel Pack Makine olarak \u00fcr\u00fcn paketleme, t\u00fct\u00fcn paketleme, kutu paketleme ve ka\u011f\u0131t paketi hizmeti vermekteyiz. Makinelerimiz tam otomatik ve<\/p>","protected":false},"author":1,"featured_media":0,"parent":0,"menu_order":0,"comment_status":"closed","ping_status":"closed","template":"elementor_header_footer","meta":{"footnotes":""},"class_list":["post-29","page","type-page","status-publish","hentry"],"_links":{"self":[{"href":"https:\/\/www.steelmakina.com.tr\/ar\/wp-json\/wp\/v2\/pages\/29","targetHints":{"allow":["GET"]}}],"collection":[{"href":"https:\/\/www.steelmakina.com.tr\/ar\/wp-json\/wp\/v2\/pages"}],"about":[{"href":"https:\/\/www.steelmakina.com.tr\/ar\/wp-json\/wp\/v2\/types\/page"}],"author":[{"embeddable":true,"href":"https:\/\/www.steelmakina.com.tr\/ar\/wp-json\/wp\/v2\/users\/1"}],"replies":[{"embeddable":true,"href":"https:\/\/www.steelmakina.com.tr\/ar\/wp-json\/wp\/v2\/comments?post=29"}],"version-history":[{"count":129,"href":"https:\/\/www.steelmakina.com.tr\/ar\/wp-json\/wp\/v2\/pages\/29\/revisions"}],"predecessor-version":[{"id":23214,"href":"https:\/\/www.steelmakina.com.tr\/ar\/wp-json\/wp\/v2\/pages\/29\/revisions\/23214"}],"wp:attachment":[{"href":"https:\/\/www.steelmakina.com.tr\/ar\/wp-json\/wp\/v2\/media?parent=29"}],"curies":[{"name":"wp","href":"https:\/\/api.w.org\/{rel}","templated":true}]}}