{"id":27,"date":"2024-02-29T12:01:16","date_gmt":"2024-02-29T12:01:16","guid":{"rendered":"https:\/\/www.steelpackmakine.com\/?page_id=27"},"modified":"2024-03-23T02:48:23","modified_gmt":"2024-03-23T02:48:23","slug":"hakkimizda","status":"publish","type":"page","link":"https:\/\/www.steelmakina.com.tr\/ar\/hakkimizda\/","title":{"rendered":"\u0645\u0639\u0644\u0648\u0645\u0627\u062a \u0639\u0646\u0627"},"content":{"rendered":"<div data-elementor-type=\"wp-page\" data-elementor-id=\"27\" class=\"elementor elementor-27\" data-elementor-settings=\"{&quot;element_pack_global_tooltip_width&quot;:{&quot;unit&quot;:&quot;px&quot;,&quot;size&quot;:&quot;&quot;,&quot;sizes&quot;:[]},&quot;element_pack_global_tooltip_width_tablet&quot;:{&quot;unit&quot;:&quot;px&quot;,&quot;size&quot;:&quot;&quot;,&quot;sizes&quot;:[]},&quot;element_pack_global_tooltip_width_mobile&quot;:{&quot;unit&quot;:&quot;px&quot;,&quot;size&quot;:&quot;&quot;,&quot;sizes&quot;:[]},&quot;element_pack_global_tooltip_padding&quot;:{&quot;unit&quot;:&quot;px&quot;,&quot;top&quot;:&quot;&quot;,&quot;right&quot;:&quot;&quot;,&quot;bottom&quot;:&quot;&quot;,&quot;left&quot;:&quot;&quot;,&quot;isLinked&quot;:true},&quot;element_pack_global_tooltip_padding_tablet&quot;:{&quot;unit&quot;:&quot;px&quot;,&quot;top&quot;:&quot;&quot;,&quot;right&quot;:&quot;&quot;,&quot;bottom&quot;:&quot;&quot;,&quot;left&quot;:&quot;&quot;,&quot;isLinked&quot;:true},&quot;element_pack_global_tooltip_padding_mobile&quot;:{&quot;unit&quot;:&quot;px&quot;,&quot;top&quot;:&quot;&quot;,&quot;right&quot;:&quot;&quot;,&quot;bottom&quot;:&quot;&quot;,&quot;left&quot;:&quot;&quot;,&quot;isLinked&quot;:true},&quot;element_pack_global_tooltip_border_radius&quot;:{&quot;unit&quot;:&quot;px&quot;,&quot;top&quot;:&quot;&quot;,&quot;right&quot;:&quot;&quot;,&quot;bottom&quot;:&quot;&quot;,&quot;left&quot;:&quot;&quot;,&quot;isLinked&quot;:true},&quot;element_pack_global_tooltip_border_radius_tablet&quot;:{&quot;unit&quot;:&quot;px&quot;,&quot;top&quot;:&quot;&quot;,&quot;right&quot;:&quot;&quot;,&quot;bottom&quot;:&quot;&quot;,&quot;left&quot;:&quot;&quot;,&quot;isLinked&quot;:true},&quot;element_pack_global_tooltip_border_radius_mobile&quot;:{&quot;unit&quot;:&quot;px&quot;,&quot;top&quot;:&quot;&quot;,&quot;right&quot;:&quot;&quot;,&quot;bottom&quot;:&quot;&quot;,&quot;left&quot;:&quot;&quot;,&quot;isLinked&quot;:true}}\" data-elementor-post-type=\"page\">\n\t\t\t\t<div class=\"elementor-element elementor-element-55645f5 e-flex e-con-boxed e-con e-parent\" data-id=\"55645f5\" data-element_type=\"container\">\n\t\t\t\t\t<div class=\"e-con-inner\">\n\t\t\t\t<div class=\"elementor-element elementor-element-e3b338f color-scheme-inherit text-left elementor-widget elementor-widget-text-editor\" data-id=\"e3b338f\" data-element_type=\"widget\" data-widget_type=\"text-editor.default\">\n\t\t\t\t<div class=\"elementor-widget-container\">\n\t\t\t\t\t\t\t\t\t<h1><span style=\"color: #1f2b5f;\">\u0645\u0646 \u0647\u0648 \u0645\u0627\u0643\u064a\u0646\u0627\u062a \u0633\u062a\u064a\u0644 \u0628\u0627\u0643\u061f<\/span><\/h1><p><strong>\u0645\u0646 \u0646\u062d\u0646\u061f<\/strong><\/p><p>\u062a\u0623\u0633\u0633\u062a \u0634\u0631\u0643\u062a\u0646\u0627\u060c Steel Pack Machinery\u060c \u0641\u064a \u0639\u0627\u0645 2011.<\/p><p>\u0642\u062f\u0645\u062a \u062e\u062f\u0645\u0627\u062a \u0643\u0628\u064a\u0631\u0629 \u0644\u0644\u0635\u0646\u0627\u0639\u0629 \u0645\u0646 \u062e\u0644\u0627\u0644 \u062a\u0635\u0646\u064a\u0639 \u0627\u0644\u0622\u0644\u0627\u062a \u0627\u0644\u0645\u062e\u0635\u0635\u0629 \u0648\u0627\u0644\u062a\u0639\u0627\u0642\u062f.<\/p><p>\u0628\u062f\u0621\u064b\u0627 \u0645\u0646 \u0627\u0644\u0645\u0624\u0633\u0633\u0627\u062a \u0627\u0644\u062d\u0643\u0648\u0645\u064a\u0629 \u0627\u0644\u0643\u0628\u064a\u0631\u0629 \u0645\u062b\u0644 \u0628\u0644\u062f\u064a\u0629 \u0623\u0648\u0633\u0643\u0648\u062f\u0627\u0631 \u0648\u0628\u0644\u062f\u064a\u0629 \u0625\u0633\u0637\u0646\u0628\u0648\u0644 \u0627\u0644\u0643\u0628\u0631\u0649 \u0648\u0645\u0635\u0646\u0639 \u062a\u0627\u0646\u0643 \u0628\u0627\u0644\u064a\u062a\u060c \u0648\u0635\u0648\u0644\u0627\u064b \u0625\u0644\u0649 \u0634\u0631\u0643\u0627\u062a \u0625\u0639\u0627\u062f\u0629 \u0627\u0644\u062a\u062f\u0648\u064a\u0631 \u0648\u0627\u0644\u0646\u0633\u064a\u062c \u0627\u0644\u0643\u0628\u064a\u0631\u0629 \u0641\u064a \u0627\u0644\u0642\u0637\u0627\u0639 \u0627\u0644\u062e\u0627\u0635\u060c \u0641\u0642\u062f \u0642\u0627\u0645\u062a \u0628\u062a\u0635\u0645\u064a\u0645 \u0627\u0644\u0639\u062f\u064a\u062f \u0645\u0646 \u0627\u0644\u0622\u0644\u0627\u062a \u0627\u0644\u0645\u0646\u0627\u0633\u0628\u0629 \u0644\u0627\u062d\u062a\u064a\u0627\u062c\u0627\u062a\u0647\u0645 \u0623\u0648\u0644\u0627\u064b \u062b\u0645 \u062a\u0635\u0646\u064a\u0639\u0647\u0627 \u0628\u0643\u0645\u064a\u0627\u062a \u0643\u0628\u064a\u0631\u0629.<\/p><p>\u0645\u0646 \u062e\u0644\u0627\u0644 \u062a\u0642\u062f\u064a\u0645 \u062e\u062f\u0645\u0629 \u0639\u0627\u0644\u064a\u0629 \u0627\u0644\u062c\u0648\u062f\u0629 \u0644\u0639\u0645\u0644\u0627\u0626\u0647\u0627 \u0648\u062a\u0645\u0643\u064a\u0646\u0647\u0645 \u0645\u0646 \u062a\u062d\u0642\u064a\u0642 \u0623\u0631\u0628\u0627\u062d \u0639\u0627\u0644\u064a\u0629\u060c \u0641\u0642\u062f \u0631\u0636\u064a\u062a\u0647\u0645 \u0625\u0644\u0649 \u062d\u062f \u0644\u0627 \u064a\u0645\u0643\u0646 \u0625\u0646\u0643\u0627\u0631\u0647.<\/p><p>\u0627\u0644\u0622\u0646\u060c \u0628\u062a\u0648\u062c\u0647 \u0645\u0628\u062a\u0643\u0631 \u0648\u0645\u062a\u0637\u0644\u0639\u060c \u0641\u0625\u0646\u0647\u0627 \u062a\u0641\u062a\u062d \u0623\u0628\u0648\u0627\u0628\u064b\u0627 \u062c\u062f\u064a\u062f\u0629 \u0644\u0644\u0645\u0635\u0646\u0639\u064a\u0646 \u0641\u064a \u0635\u0646\u0627\u0639\u0629 \u0627\u0644\u062a\u0639\u0628\u0626\u0629 \u0648\u0627\u0644\u062a\u063a\u0644\u064a\u0641.<\/p><p>\u0625\u0630\u0627 \u0643\u0646\u062a\u0645 \u0623\u064a\u0636\u064b\u0627 \u062a\u0631\u063a\u0628\u0648\u0646 \u0641\u064a \u062a\u062d\u0642\u064a\u0642 \u0623\u0631\u0628\u0627\u062d \u0639\u0627\u0644\u064a\u0629 \u0648\u0627\u0644\u062d\u0635\u0648\u0644 \u0639\u0644\u0649 \u062a\u062c\u0631\u0628\u0629 \u0633\u0644\u0633\u0629\u060c \u0641\u0646\u062d\u0646 \u0639\u0644\u0649 \u0628\u0639\u062f \u0645\u0643\u0627\u0644\u0645\u0629 \u0647\u0627\u062a\u0641\u064a\u0629 \u0641\u0642\u0637.<\/p><p><strong>\u0631\u0624\u064a\u0629<\/strong><\/p><p>\u062a\u0647\u062f\u0641 \u0634\u0631\u0643\u0629 Steel Pack Machinery \u0625\u0644\u0649 \u062a\u0639\u0632\u064a\u0632 \u0645\u0648\u0642\u0639\u0647\u0627 \u0627\u0644\u0631\u0627\u0626\u062f \u0641\u064a \u0635\u0646\u0627\u0639\u0629 \u0627\u0644\u062a\u0639\u0628\u0626\u0629 \u0648\u0627\u0644\u062a\u063a\u0644\u064a\u0641 \u0645\u0646 \u062e\u0644\u0627\u0644 \u062a\u0623\u0633\u064a\u0633 \u0634\u0631\u0627\u0643\u0629 \u062c\u062f\u064a\u062f\u0629\u060c \u0648\u0627\u0633\u062a\u063a\u0644\u0627\u0644 \u062e\u0628\u0631\u062a\u0647\u0627 \u0648\u062e\u0628\u0631\u062a\u0647\u0627 \u0641\u064a \u062a\u0635\u0646\u064a\u0639 \u0627\u0644\u0622\u0644\u0627\u062a \u0627\u0644\u0645\u062e\u0635\u0635\u0629 \u0648\u0627\u0644\u062a\u0639\u0627\u0642\u062f.<\/p><p>\u0646\u0647\u062f\u0641 \u0625\u0644\u0649 \u062a\u0637\u0648\u064a\u0631 \u062d\u0644\u0648\u0644 \u062a\u0644\u0628\u064a \u0627\u062d\u062a\u064a\u0627\u062c\u0627\u062a \u0627\u0644\u0635\u0646\u0627\u0639\u0629 \u0639\u0646 \u0637\u0631\u064a\u0642 \u062a\u0648\u0641\u064a\u0631 \u0622\u0644\u0627\u062a \u062a\u0639\u0628\u0626\u0629 \u0645\u0635\u0645\u0645\u0629 \u062e\u0635\u064a\u0635\u064b\u0627 \u0648\u0639\u0627\u0644\u064a\u0629 \u0627\u0644\u062c\u0648\u062f\u0629 \u0644\u0644\u0639\u0645\u0644\u0627\u0621\u060c \u0648\u0632\u064a\u0627\u062f\u0629 \u0631\u0636\u0627 \u0627\u0644\u0639\u0645\u0644\u0627\u0621 \u0625\u0644\u0649 \u0623\u0642\u0635\u0649 \u062d\u062f.<\/p><p>\u0646\u0647\u062f\u0641\u060c \u0645\u0646 \u062e\u0644\u0627\u0644 \u0646\u0647\u062c\u0646\u0627 \u0627\u0644\u0627\u0628\u062a\u0643\u0627\u0631\u064a \u0648\u0627\u0644\u062a\u0648\u062c\u0647 \u0646\u062d\u0648 \u0627\u0644\u062c\u0648\u062f\u0629 \u0641\u064a \u0627\u0644\u062e\u062f\u0645\u0629\u060c \u0625\u0644\u0649 \u0623\u0646 \u0646\u0635\u0628\u062d \u0644\u0627\u0639\u0628\u064b\u0627 \u0645\u0647\u0645\u064b\u0627 \u0641\u064a \u0635\u0646\u0627\u0639\u0629 \u0627\u0644\u062a\u0639\u0628\u0626\u0629 \u0648\u0627\u0644\u062a\u063a\u0644\u064a\u0641 \u0648\u0623\u0646 \u0646\u0644\u0639\u0628 \u062f\u0648\u0631\u064b\u0627 \u062d\u0627\u0633\u0645\u064b\u0627 \u0641\u064a \u0627\u0644\u0642\u0637\u0627\u0639.<\/p>\t\t\t\t\t\t\t\t<\/div>\n\t\t\t\t<\/div>\n\t\t\t\t\t<\/div>\n\t\t\t\t<\/div>\n\t\t\t\t<\/div>","protected":false},"excerpt":{"rendered":"<p>Steel Pack Makine Kimdir? Biz Kimiz Firmam\u0131z Steel Pack Makine 2011&#8217;de kurulmu\u015ftur. \u00d6zel makine imalat\u0131 ve fason i\u015flerle sekt\u00f6re b\u00fcy\u00fck<\/p>","protected":false},"author":1,"featured_media":0,"parent":0,"menu_order":0,"comment_status":"closed","ping_status":"closed","template":"elementor_header_footer","meta":{"footnotes":""},"class_list":["post-27","page","type-page","status-publish","hentry"],"_links":{"self":[{"href":"https:\/\/www.steelmakina.com.tr\/ar\/wp-json\/wp\/v2\/pages\/27","targetHints":{"allow":["GET"]}}],"collection":[{"href":"https:\/\/www.steelmakina.com.tr\/ar\/wp-json\/wp\/v2\/pages"}],"about":[{"href":"https:\/\/www.steelmakina.com.tr\/ar\/wp-json\/wp\/v2\/types\/page"}],"author":[{"embeddable":true,"href":"https:\/\/www.steelmakina.com.tr\/ar\/wp-json\/wp\/v2\/users\/1"}],"replies":[{"embeddable":true,"href":"https:\/\/www.steelmakina.com.tr\/ar\/wp-json\/wp\/v2\/comments?post=27"}],"version-history":[{"count":28,"href":"https:\/\/www.steelmakina.com.tr\/ar\/wp-json\/wp\/v2\/pages\/27\/revisions"}],"predecessor-version":[{"id":23145,"href":"https:\/\/www.steelmakina.com.tr\/ar\/wp-json\/wp\/v2\/pages\/27\/revisions\/23145"}],"wp:attachment":[{"href":"https:\/\/www.steelmakina.com.tr\/ar\/wp-json\/wp\/v2\/media?parent=27"}],"curies":[{"name":"wp","href":"https:\/\/api.w.org\/{rel}","templated":true}]}}